{"id":3061,"date":"2024-07-05T07:17:57","date_gmt":"2024-07-05T07:17:57","guid":{"rendered":"https:\/\/warren.qodeinteractive.com\/?page_id=3061"},"modified":"2026-03-18T12:35:00","modified_gmt":"2026-03-18T12:35:00","slug":"kontaktirajte-nas","status":"publish","type":"page","link":"https:\/\/cherryadriagroup.com\/en\/kontaktirajte-nas\/","title":{"rendered":"Contact Us"},"content":{"rendered":"\t\t<div data-elementor-type=\"wp-page\" data-elementor-id=\"3061\" class=\"elementor elementor-3061\" data-elementor-post-type=\"page\">\n\t\t\t\t<div class=\"elementor-element elementor-element-fcd2ed9 e-con-full e-flex e-con e-parent\" data-id=\"fcd2ed9\" data-element_type=\"container\" data-e-type=\"container\" data-settings=\"{&quot;background_background&quot;:&quot;classic&quot;}\">\n\t\t\t\t<\/div>\n\t\t<div class=\"elementor-element elementor-element-35d6444 e-flex e-con-boxed e-con e-parent\" data-id=\"35d6444\" data-element_type=\"container\" data-e-type=\"container\" data-settings=\"{&quot;background_background&quot;:&quot;classic&quot;}\">\n\t\t\t\t\t<div class=\"e-con-inner\">\n\t\t\t\t<div class=\"elementor-element elementor-element-2d70c1e elementor-hidden-mobile elementor-widget elementor-widget-warren_core_single_image\" data-id=\"2d70c1e\" data-element_type=\"widget\" data-e-type=\"widget\" data-widget_type=\"warren_core_single_image.default\">\n\t\t\t\t<div class=\"elementor-widget-container\">\n\t\t\t\t\t<div class=\"qodef-shortcode qodef-m qodef-single-image qodef-layout--default\"   >\n\t\t\t<div class=\"qodef-m-image\">\n\t\t\t\t\t\t\t\t<img fetchpriority=\"high\" decoding=\"async\" width=\"2560\" height=\"1024\" src=\"https:\/\/cherryadriagroup.com\/wp-content\/uploads\/2026\/03\/Slider-KONTAKTIRAJTE-NAS-scaled.jpg\" class=\"attachment-full size-full\" alt=\"\" srcset=\"https:\/\/cherryadriagroup.com\/wp-content\/uploads\/2026\/03\/Slider-KONTAKTIRAJTE-NAS-scaled.jpg 2560w, https:\/\/cherryadriagroup.com\/wp-content\/uploads\/2026\/03\/Slider-KONTAKTIRAJTE-NAS-scaled-600x240.jpg 600w, https:\/\/cherryadriagroup.com\/wp-content\/uploads\/2026\/03\/Slider-KONTAKTIRAJTE-NAS-300x120.jpg 300w, https:\/\/cherryadriagroup.com\/wp-content\/uploads\/2026\/03\/Slider-KONTAKTIRAJTE-NAS-1024x409.jpg 1024w, https:\/\/cherryadriagroup.com\/wp-content\/uploads\/2026\/03\/Slider-KONTAKTIRAJTE-NAS-768x307.jpg 768w, https:\/\/cherryadriagroup.com\/wp-content\/uploads\/2026\/03\/Slider-KONTAKTIRAJTE-NAS-1536x614.jpg 1536w, https:\/\/cherryadriagroup.com\/wp-content\/uploads\/2026\/03\/Slider-KONTAKTIRAJTE-NAS-2048x819.jpg 2048w\" sizes=\"(max-width: 2560px) 100vw, 2560px\" \/>\t\t\t\t\t\t\t<\/div>\n\t\t\t<p class=\"qodef-m-signature\">Belgrade, Serbia<\/p>\n<\/div>\n\t\t\t\t<\/div>\n\t\t\t\t<\/div>\n\t\t\t\t<div class=\"elementor-element elementor-element-9fe7fe2 elementor-widget elementor-widget-text-editor\" data-id=\"9fe7fe2\" data-element_type=\"widget\" data-e-type=\"widget\" data-widget_type=\"text-editor.default\">\n\t\t\t\t\t\t\t\t\t<span style=\"font-weight: 400;\">Otkrijte kako kroz razvoj Va\u0161eg tima mo\u017eemo unaprediti <strong>imid\u017e, pose\u0107enost i dugoro\u010dnu vrednost Va\u0161eg tr\u017enog centra.<\/strong><\/span>\t\t\t\t\t\t\t\t<\/div>\n\t\t\t\t\t<\/div>\n\t\t\t\t<\/div>\n\t\t<div class=\"elementor-element elementor-element-8be2d2c e-con-full e-flex e-con e-parent\" data-id=\"8be2d2c\" data-element_type=\"container\" data-e-type=\"container\" data-settings=\"{&quot;background_background&quot;:&quot;classic&quot;}\">\n\t\t<div class=\"elementor-element elementor-element-55242e8 e-con-full qodef-elementor-content-grid e-flex e-con e-child\" data-id=\"55242e8\" data-element_type=\"container\" data-e-type=\"container\">\n\t\t\t\t<div class=\"elementor-element elementor-element-e549007 elementor-widget elementor-widget-warren_core_section_title\" data-id=\"e549007\" data-element_type=\"widget\" data-e-type=\"widget\" data-widget_type=\"warren_core_section_title.default\">\n\t\t\t\t<div class=\"elementor-widget-container\">\n\t\t\t\t\t<div class=\"qodef-shortcode qodef-m qodef-section-title qodef-alignment--center\" data-appear-delay=\"74\">\n\t\t<p class=\"qodef-m-subtitle\" >Po\u0161aljite poruku<\/p>\n\t\t<h2 class=\"qodef-m-title\" >\n\t\t\t\t\tKontaktirajte Nas\t\t\t<\/h2>\n\t<\/div>\n\t\t\t\t<\/div>\n\t\t\t\t<\/div>\n\t\t<div class=\"elementor-element elementor-element-ba3e861 e-con-full qodef-elementor-content-grid e-flex e-con e-child\" data-id=\"ba3e861\" data-element_type=\"container\" data-e-type=\"container\">\n\t\t\t\t<div class=\"elementor-element elementor-element-4a431db elementor-widget__width-inherit elementor-widget elementor-widget-wp-widget-warren_core_contact_form_7\" data-id=\"4a431db\" data-element_type=\"widget\" data-e-type=\"widget\" data-widget_type=\"wp-widget-warren_core_contact_form_7.default\">\n\t\t\t\t<div class=\"elementor-widget-container\">\n\t\t\t\t\t\t\t\t<div class=\"qodef-contact-form-7\">\n\t\t\t\t\n<div class=\"wpcf7 no-js\" id=\"wpcf7-f8282-o1\" lang=\"en-US\" dir=\"ltr\" data-wpcf7-id=\"8282\">\n<div class=\"screen-reader-response\"><p role=\"status\" aria-live=\"polite\" aria-atomic=\"true\"><\/p> <ul><\/ul><\/div>\n<form action=\"\/en\/wp-json\/wp\/v2\/pages\/3061#wpcf7-f8282-o1\" method=\"post\" class=\"wpcf7-form init\" aria-label=\"Contact form\" novalidate=\"novalidate\" data-status=\"init\">\n<fieldset class=\"hidden-fields-container\"><input type=\"hidden\" name=\"_wpcf7\" value=\"8282\" \/><input type=\"hidden\" name=\"_wpcf7_version\" value=\"6.1.5\" \/><input type=\"hidden\" name=\"_wpcf7_locale\" value=\"en_US\" \/><input type=\"hidden\" name=\"_wpcf7_unit_tag\" value=\"wpcf7-f8282-o1\" \/><input type=\"hidden\" name=\"_wpcf7_container_post\" value=\"0\" \/><input type=\"hidden\" name=\"_wpcf7_posted_data_hash\" value=\"\" \/>\n<\/fieldset>\n<div class=\"qodef-contact-us-form\">\n<div class=\"qodef-grid qodef-layout--columns qodef-col-num--2 qodef-gutter--medium qodef-vertical-gutter--no qodef-responsive--custom qodef-col-num--1024--2 qodef-col-num--768--1 qodef-col-num--680--1 qodef-col-num--480--1\">\n    <div class=\"qodef-grid-inner\">\n\t<div class=\"qodef-grid-item\"><span class=\"wpcf7-form-control-wrap\" data-name=\"your-name\"><input size=\"40\" maxlength=\"400\" class=\"wpcf7-form-control wpcf7-text wpcf7-validates-as-required\" aria-required=\"true\" aria-invalid=\"false\" placeholder=\"Ime i prezime\" value=\"\" type=\"text\" name=\"your-name\" \/><\/span><\/div>\n\t<div class=\"qodef-grid-item\"><span class=\"wpcf7-form-control-wrap\" data-name=\"your-email\"><input size=\"40\" maxlength=\"400\" class=\"wpcf7-form-control wpcf7-email wpcf7-validates-as-required wpcf7-text wpcf7-validates-as-email\" aria-required=\"true\" aria-invalid=\"false\" placeholder=\"Email adresa\" value=\"\" type=\"email\" name=\"your-email\" \/><\/span><\/div>\n    <\/div>\n   <div class=\"qodef-grid-inner\">\n\t<div class=\"qodef-grid-item\"><span class=\"wpcf7-form-control-wrap\" data-name=\"your-phone\"><input size=\"40\" maxlength=\"400\" class=\"wpcf7-form-control wpcf7-text wpcf7-validates-as-required\" aria-required=\"true\" aria-invalid=\"false\" placeholder=\"Telefon\" value=\"\" type=\"text\" name=\"your-phone\" \/><\/span><\/div>\n\t<div class=\"qodef-grid-item\"><span class=\"wpcf7-form-control-wrap\" data-name=\"your-address\"><input size=\"40\" maxlength=\"400\" class=\"wpcf7-form-control wpcf7-text wpcf7-validates-as-required\" aria-required=\"true\" aria-invalid=\"false\" placeholder=\"Adresa\" value=\"\" type=\"text\" name=\"your-address\" \/><\/span><\/div>\n    <\/div>\n<\/div>\n<div class=\"qodef-form-textarea-holder\"><span class=\"wpcf7-form-control-wrap\" data-name=\"message\"><textarea cols=\"40\" rows=\"4\" maxlength=\"2000\" class=\"wpcf7-form-control wpcf7-textarea\" aria-invalid=\"false\" placeholder=\"Poruka\" name=\"message\"><\/textarea><\/span><\/div>\n<div class=\"qodef-submit-holder\" style=\"text-align: center;\">\n  <button name=\"submit\" type=\"submit\" class=\"qodef-submit qodef-button qodef-layout--filled qodef-size--normal\" value=\"Po\u0161alji\">\n        <span class=\"qodef-btn-text\">Po\u0161aljite poruku<\/span>\n  <\/button>\n<\/div>\n<\/div><div class=\"wpcf7-response-output\" aria-hidden=\"true\"><\/div>\n<\/form>\n<\/div>\n\t\t\t<\/div>\n\t\t\t\t\t\t\t<\/div>\n\t\t\t\t<\/div>\n\t\t\t\t<\/div>\n\t\t\t\t<\/div>\n\t\t\t\t<\/div>\n\t\t<div class=\"elementor-element elementor-element-ed5300a e-con-full e-flex e-con e-parent\" data-id=\"ed5300a\" data-element_type=\"container\" data-e-type=\"container\">\n\t\t\t\t<div class=\"elementor-element elementor-element-3c000e8 elementor-widget elementor-widget-warren_core_google_map\" data-id=\"3c000e8\" data-element_type=\"widget\" data-e-type=\"widget\" data-widget_type=\"warren_core_google_map.default\">\n\t\t\t\t<div class=\"elementor-widget-container\">\n\t\t\t\t\t<div class=\"qodef-shortcode qodef-m qodef-google-map\">\n\t<div class=\"qodef-m-map\" id=\"qodef-map-id--859\" data-addresses='[\"West Side, Jersey City, NJ 07306, USA\"]' data-pin=https:\/\/cherryadriagroup.com\/wp-content\/uploads\/2024\/08\/pin.png data-unique-id=859 data-height=632><\/div>\n<\/div>\n\t\t\t\t<\/div>\n\t\t\t\t<\/div>\n\t\t\t\t<\/div>\n\t\t<div class=\"elementor-element elementor-element-430e18b e-con-full qodef-elementor-content-grid e-flex e-con e-parent\" data-id=\"430e18b\" data-element_type=\"container\" data-e-type=\"container\">\n\t\t<div class=\"elementor-element elementor-element-0b6ee74 e-con-full e-flex e-con e-child\" data-id=\"0b6ee74\" data-element_type=\"container\" data-e-type=\"container\" data-settings=\"{&quot;background_background&quot;:&quot;classic&quot;}\">\n\t\t\t\t<div class=\"elementor-element elementor-element-35ea3e0 elementor-widget elementor-widget-warren_core_banner\" data-id=\"35ea3e0\" data-element_type=\"widget\" data-e-type=\"widget\" data-widget_type=\"warren_core_banner.default\">\n\t\t\t\t<div class=\"elementor-widget-container\">\n\t\t\t\t\t<div class=\"qodef-shortcode qodef-m qodef-banner qodef-layout--link-button\">\n\t<div class=\"qodef-m-content\" style=\"background-color: #D3C0A5\">\n\t\t<div class=\"qodef-m-content-inner\">\n\t\t\t<div class=\"qodef-m-content-all\">\n\t\t\t\t\t\t\t\t\t<h4 class=\"qodef-m-title\" style=\"color: #FFFFFF\">\n\t\tPostanite deo programa\t<\/h4>\n\t\t\t\t\t\t\t\t\t<div class=\"qodef-m-button\">\n\t\t<a class=\"qodef-shortcode qodef-m qodef-button qodef-layout--textual qodef-html--link\" href=\"https:\/\/cherryadriagroup.com\/kontaktirajte-nas\/\" target=\"_self\" style=\"--qode-button-color: #FFFFFF\" >\t<span class=\"qodef-m-text\">Apliciraj<\/span>\t<span class=\"qodef-m-icon\"><svg class=\"qodef-svg--button-arrow qodef-e-button-arrow\" xmlns=\"http:\/\/www.w3.org\/2000\/svg\" width=\"18.061\" height=\"11.061\" viewBox=\"0 0 18.061 11.061\"><g transform=\"translate(-384.432 -1709.97)\"><path d=\"M2630,2538l5,5-5,5\" transform=\"translate(-2233.568 -827.5)\" fill=\"none\" stroke-width=\"1.5\"\/><line x2=\"17\" transform=\"translate(384.432 1715.5)\" fill=\"none\" stroke-width=\"1.5\"\/><\/g><\/svg><\/span><\/a>\t<\/div>\n\t\t\t<\/div>\n\t\t\t<div class=\"qodef-m-content-single-image\" style=\"margin-top: 67px\">\n\t\t\t\t<div class=\"qodef-m-inner-image\" style=\"border-radius: 50px 0 50px 0\">\n\t<img decoding=\"async\" width=\"750\" height=\"1000\" src=\"https:\/\/cherryadriagroup.com\/wp-content\/uploads\/2026\/03\/DSC00379.jpg\" class=\"attachment-full size-full\" alt=\"\" srcset=\"https:\/\/cherryadriagroup.com\/wp-content\/uploads\/2026\/03\/DSC00379.jpg 750w, https:\/\/cherryadriagroup.com\/wp-content\/uploads\/2026\/03\/DSC00379-600x800.jpg 600w, https:\/\/cherryadriagroup.com\/wp-content\/uploads\/2026\/03\/DSC00379-225x300.jpg 225w\" sizes=\"(max-width: 750px) 100vw, 750px\" \/><\/div>\n\t\t\t<\/div>\n\t\t<\/div>\n\t<\/div>\n<\/div>\n\t\t\t\t<\/div>\n\t\t\t\t<\/div>\n\t\t\t\t<\/div>\n\t\t<div class=\"elementor-element elementor-element-4cd99f1 e-con-full e-flex e-con e-child\" data-id=\"4cd99f1\" data-element_type=\"container\" data-e-type=\"container\" data-settings=\"{&quot;background_background&quot;:&quot;classic&quot;}\">\n\t\t\t\t<div class=\"elementor-element elementor-element-15a423e elementor-widget__width-initial elementor-widget-mobile__width-inherit elementor-widget elementor-widget-warren_core_single_image\" data-id=\"15a423e\" data-element_type=\"widget\" data-e-type=\"widget\" data-widget_type=\"warren_core_single_image.default\">\n\t\t\t\t<div class=\"elementor-widget-container\">\n\t\t\t\t\t<div class=\"qodef-shortcode qodef-m qodef-single-image qodef-layout--default\"   >\n\t\t\t<div class=\"qodef-m-image\">\n\t\t\t\t\t\t\t\t<img decoding=\"async\" width=\"1300\" height=\"650\" src=\"https:\/\/cherryadriagroup.com\/wp-content\/uploads\/2026\/03\/Newslatter-sekcija-1300x650.jpg\" class=\"attachment-warren_core_image_size_landscape size-warren_core_image_size_landscape\" alt=\"\" \/>\t\t\t\t\t\t\t<\/div>\n\t\t<\/div>\n\t\t\t\t<\/div>\n\t\t\t\t<\/div>\n\t\t\t\t<div class=\"elementor-element elementor-element-a4e5499 elementor-widget__width-initial elementor-widget-mobile__width-inherit elementor-widget elementor-widget-warren_core_section_title\" data-id=\"a4e5499\" data-element_type=\"widget\" data-e-type=\"widget\" data-widget_type=\"warren_core_section_title.default\">\n\t\t\t\t<div class=\"elementor-widget-container\">\n\t\t\t\t\t<div class=\"qodef-shortcode qodef-m qodef-section-title qodef-alignment--center\" data-appear-delay=\"363\">\n\t\t\t<h4 class=\"qodef-m-title\" >\n\t\t\t\t\tPrijavite se za na\u0161 newsletter.\t\t\t<\/h4>\n\t\t<p class=\"qodef-m-text\" style=\"margin-top: 7px\">Budite u toku sa novostima Cherry Adria Group\n<\/p>\n<\/div>\n\t\t\t\t<\/div>\n\t\t\t\t<\/div>\n\t\t\t\t<div class=\"elementor-element elementor-element-7aaae92 elementor-widget elementor-widget-wp-widget-warren_core_contact_form_7\" data-id=\"7aaae92\" data-element_type=\"widget\" data-e-type=\"widget\" data-widget_type=\"wp-widget-warren_core_contact_form_7.default\">\n\t\t\t\t<div class=\"elementor-widget-container\">\n\t\t\t\t\t\t\t\t<div class=\"qodef-contact-form-7\">\n\t\t\t\t\n<div class=\"wpcf7 no-js\" id=\"wpcf7-f20-o2\" lang=\"en-US\" dir=\"ltr\" data-wpcf7-id=\"20\">\n<div class=\"screen-reader-response\"><p role=\"status\" aria-live=\"polite\" aria-atomic=\"true\"><\/p> <ul><\/ul><\/div>\n<form action=\"\/en\/wp-json\/wp\/v2\/pages\/3061#wpcf7-f20-o2\" method=\"post\" class=\"wpcf7-form init\" aria-label=\"Contact form\" novalidate=\"novalidate\" data-status=\"init\">\n<fieldset class=\"hidden-fields-container\"><input type=\"hidden\" name=\"_wpcf7\" value=\"20\" \/><input type=\"hidden\" name=\"_wpcf7_version\" value=\"6.1.5\" \/><input type=\"hidden\" name=\"_wpcf7_locale\" value=\"en_US\" \/><input type=\"hidden\" name=\"_wpcf7_unit_tag\" value=\"wpcf7-f20-o2\" \/><input type=\"hidden\" name=\"_wpcf7_container_post\" value=\"0\" \/><input type=\"hidden\" name=\"_wpcf7_posted_data_hash\" value=\"\" \/>\n<\/fieldset>\n<div class=\"qodef-cf7-newsletter qodef-cf7-newsletter-2\">\n    <div class=\"qodef-grid qodef-layout--columns qodef-col-num--1\">\n      <div class=\"qodef-grid-inner\">\n        <div class=\"qodef-grid-item\"> <span class=\"wpcf7-form-control-wrap\" data-name=\"your-email\"><input size=\"40\" maxlength=\"400\" class=\"wpcf7-form-control wpcf7-email wpcf7-validates-as-required wpcf7-text wpcf7-validates-as-email\" aria-required=\"true\" aria-invalid=\"false\" placeholder=\"Email adresa\" value=\"\" type=\"email\" name=\"your-email\" \/><\/span><button class=\"wpcf7-form-control wpcf7-submit qodef-newsletter-button qodef-button qodef-size--normal qodef-layout--filled qodef-m\" type=\"submit\"><span class=\"qodef-m-text\">Po\u0161alji<\/span><\/button> <\/div>\n      <\/div>\n    <\/div>\n<\/div><div class=\"wpcf7-response-output\" aria-hidden=\"true\"><\/div>\n<\/form>\n<\/div>\n\t\t\t<\/div>\n\t\t\t\t\t\t\t<\/div>\n\t\t\t\t<\/div>\n\t\t\t\t<\/div>\n\t\t\t\t<\/div>\n\t\t\t\t<\/div>\n\t\t","protected":false},"excerpt":{"rendered":"<p>Belgrade, Serbia Otkrijte kako kroz razvoj Va\u0161eg tima mo\u017eemo unaprediti imid\u017e, pose\u0107enost i dugoro\u010dnu vrednost Va\u0161eg tr\u017enog centra. Po\u0161aljite poruku Kontaktirajte Nas Postanite deo programa Apliciraj Prijavite se za na\u0161 newsletter. Budite u toku sa novostima Cherry Adria Group<\/p>","protected":false},"author":1,"featured_media":0,"parent":0,"menu_order":0,"comment_status":"closed","ping_status":"closed","template":"page-full-width.php","meta":{"footnotes":""},"class_list":["post-3061","page","type-page","status-publish","hentry"],"_hostinger_reach_plugin_has_subscription_block":false,"_hostinger_reach_plugin_is_elementor":false,"_links":{"self":[{"href":"https:\/\/cherryadriagroup.com\/en\/wp-json\/wp\/v2\/pages\/3061","targetHints":{"allow":["GET"]}}],"collection":[{"href":"https:\/\/cherryadriagroup.com\/en\/wp-json\/wp\/v2\/pages"}],"about":[{"href":"https:\/\/cherryadriagroup.com\/en\/wp-json\/wp\/v2\/types\/page"}],"author":[{"embeddable":true,"href":"https:\/\/cherryadriagroup.com\/en\/wp-json\/wp\/v2\/users\/1"}],"replies":[{"embeddable":true,"href":"https:\/\/cherryadriagroup.com\/en\/wp-json\/wp\/v2\/comments?post=3061"}],"version-history":[{"count":58,"href":"https:\/\/cherryadriagroup.com\/en\/wp-json\/wp\/v2\/pages\/3061\/revisions"}],"predecessor-version":[{"id":9034,"href":"https:\/\/cherryadriagroup.com\/en\/wp-json\/wp\/v2\/pages\/3061\/revisions\/9034"}],"wp:attachment":[{"href":"https:\/\/cherryadriagroup.com\/en\/wp-json\/wp\/v2\/media?parent=3061"}],"curies":[{"name":"wp","href":"https:\/\/api.w.org\/{rel}","templated":true}]}}