{"id":3006,"date":"2024-07-05T06:53:50","date_gmt":"2024-07-05T06:53:50","guid":{"rendered":"https:\/\/warren.qodeinteractive.com\/?page_id=3006"},"modified":"2026-03-31T10:12:12","modified_gmt":"2026-03-31T10:12:12","slug":"o-nama","status":"publish","type":"page","link":"https:\/\/cherryadriagroup.com\/en\/o-nama\/","title":{"rendered":"About Us"},"content":{"rendered":"<div data-elementor-type=\"wp-page\" data-elementor-id=\"3006\" class=\"elementor elementor-3006\" data-elementor-post-type=\"page\">\n\t\t\t\t<div class=\"elementor-element elementor-element-5acd8f9 e-con-full e-flex e-con e-parent\" data-id=\"5acd8f9\" data-element_type=\"container\" data-e-type=\"container\" data-settings=\"{&quot;background_background&quot;:&quot;classic&quot;}\">\n\t\t<div class=\"elementor-element elementor-element-07094dc qodef-elementor-content-grid e-flex e-con-boxed e-con e-child\" data-id=\"07094dc\" data-element_type=\"container\" data-e-type=\"container\">\n\t\t\t\t\t<div class=\"e-con-inner\">\n\t\t\t\t<div class=\"elementor-element elementor-element-72acbe3 elementor-widget__width-inherit elementor-widget elementor-widget-warren_core_section_title\" data-id=\"72acbe3\" data-element_type=\"widget\" data-e-type=\"widget\" data-widget_type=\"warren_core_section_title.default\">\n\t\t\t\t<div class=\"elementor-widget-container\">\n\t\t\t\t\t<div class=\"qodef-shortcode qodef-m qodef-section-title qodef-alignment--center\" data-appear-delay=\"400\">\n\t\t\t<h2 class=\"qodef-m-title translation-block\" style=\"color: #111111\">Professional Development of Shopping Center Managers Through the <br>4x4 Executive Program<\/h2>\n\t<\/div>\n\t\t\t\t<\/div>\n\t\t\t\t<\/div>\n\t\t\t\t\t<\/div>\n\t\t\t\t<\/div>\n\t\t\t\t<\/div>\n\t\t<div class=\"elementor-element elementor-element-607d62c e-con-full qodef-elementor-content-grid e-flex e-con e-parent\" data-id=\"607d62c\" data-element_type=\"container\" data-e-type=\"container\" data-settings=\"{&quot;background_background&quot;:&quot;classic&quot;}\">\n\t\t\t\t<div class=\"elementor-element elementor-element-e0b182e elementor-widget__width-initial elementor-widget elementor-widget-warren_core_single_image\" data-id=\"e0b182e\" data-element_type=\"widget\" data-e-type=\"widget\" data-widget_type=\"warren_core_single_image.default\">\n\t\t\t\t<div class=\"elementor-widget-container\">\n\t\t\t\t\t<div class=\"qodef-shortcode qodef-m qodef-single-image qodef-layout--default qodef--retina\"   >\n\t\t\t<div class=\"qodef-m-image\">\n\t\t\t\t\t\t\t\t\t\t\t\t\t\t<img fetchpriority=\"high\" decoding=\"async\" itemprop=\"image\" src=\"https:\/\/cherryadriagroup.com\/wp-content\/uploads\/2026\/03\/crown.png\" width=\"256\" height=\"256\" alt=\"\" \/>\n\t\t\t\t\t\t\t\t\t\t\t\t\t<\/div>\n\t\t<\/div>\n\t\t\t\t<\/div>\n\t\t\t\t<\/div>\n\t\t\t\t<div class=\"elementor-element elementor-element-ed92fad elementor-widget__width-initial elementor-widget-mobile__width-inherit elementor-widget elementor-widget-warren_core_section_title\" data-id=\"ed92fad\" data-element_type=\"widget\" data-e-type=\"widget\" data-widget_type=\"warren_core_section_title.default\">\n\t\t\t\t<div class=\"elementor-widget-container\">\n\t\t\t\t\t<div class=\"qodef-shortcode qodef-m qodef-section-title qodef-alignment--center\" data-appear-delay=\"7\">\n\t\t\t<h4 class=\"qodef-m-title\" style=\"line-height: 50px\">\n\t\t\t\t\tThe mission of Cherry Adria Group is to increase the footfall and profitability of Your shopping center through the development of the people who lead its operations.\t\t\t<\/h4>\n\t<\/div>\n\t\t\t\t<\/div>\n\t\t\t\t<\/div>\n\t\t\t\t<\/div>\n\t\t<div class=\"elementor-element elementor-element-8f5c919 e-con-full qodef-elementor-content-grid e-flex e-con e-parent\" data-id=\"8f5c919\" data-element_type=\"container\" data-e-type=\"container\">\n\t\t<div class=\"elementor-element elementor-element-f6c4a8f e-con-full e-flex e-con e-child\" data-id=\"f6c4a8f\" data-element_type=\"container\" data-e-type=\"container\">\n\t\t<div class=\"elementor-element elementor-element-c069e77 e-con-full qodef-elementor-content-grid e-flex e-con e-child\" data-id=\"c069e77\" data-element_type=\"container\" data-e-type=\"container\">\n\t\t<div class=\"elementor-element elementor-element-7dabc29 e-con-full e-flex e-con e-child\" data-id=\"7dabc29\" data-element_type=\"container\" data-e-type=\"container\">\n\t\t\t\t<div class=\"elementor-element elementor-element-266ef13 elementor-widget elementor-widget-warren_core_section_title\" data-id=\"266ef13\" data-element_type=\"widget\" data-e-type=\"widget\" data-widget_type=\"warren_core_section_title.default\">\n\t\t\t\t<div class=\"elementor-widget-container\">\n\t\t\t\t\t<div class=\"qodef-shortcode qodef-m qodef-section-title qodef-alignment--left qodef-title-break--disabled\" data-appear-delay=\"129\">\n\t\t<p class=\"qodef-m-subtitle\" >Cherry Adria Group<\/p>\n\t\t<\/div>\n\t\t\t\t<\/div>\n\t\t\t\t<\/div>\n\t\t\t\t<div class=\"elementor-element elementor-element-0dc08ea elementor-widget elementor-widget-text-editor\" data-id=\"0dc08ea\" data-element_type=\"widget\" data-e-type=\"widget\" data-widget_type=\"text-editor.default\">\n\t\t\t\t\t\t\t\t\t<p class=\"translation-block\"><span style=\"font-weight: 400\">4\u00d74 Executive Shopping Center is an <\/span><b>original professional development program for employees in shopping centers<\/b><span style=\"font-weight: 400\"> through training, education, and mentorship.<\/span><\/p><p class=\"translation-block\"><span style=\"font-weight: 400\">The program was created as a contribution of professionals with more than <\/span><b>25 years of experience in managing operations, marketing, and teams<\/b><span style=\"font-weight: 400\"> in shopping centers and retail franchises.<\/span><\/p><p class=\"translation-block\"><span style=\"font-weight: 400\">The focus of the 4\u00d74 Executive method is the transfer of knowledge about <\/span><b>sustainable operational models that work in practice<\/b><span style=\"font-weight: 400\"> and contribute to the growth, visibility, and long-term value of Your project.<\/span><\/p>\t\t\t\t\t\t\t\t<\/div>\n\t\t\t\t<div class=\"elementor-element elementor-element-751552c elementor-widget elementor-widget-warren_core_button\" data-id=\"751552c\" data-element_type=\"widget\" data-e-type=\"widget\" data-widget_type=\"warren_core_button.default\">\n\t\t\t\t<div class=\"elementor-widget-container\">\n\t\t\t\t\t<a class=\"qodef-shortcode qodef-m qodef-button qodef-layout--filled qodef-size--large qodef-html--link\" href=\"https:\/\/cherryadriagroup.com\/en\/programi\/\" target=\"_self\"  >\n\t<span class=\"qodef-m-text\">Our Programs<\/span>\n<\/a>\n\t\t\t\t<\/div>\n\t\t\t\t<\/div>\n\t\t\t\t<\/div>\n\t\t\t\t<\/div>\n\t\t<div class=\"elementor-element elementor-element-3f89c6a e-con-full qodef-elementor-content-grid e-flex e-con e-child\" data-id=\"3f89c6a\" data-element_type=\"container\" data-e-type=\"container\">\n\t\t\t\t<div class=\"elementor-element elementor-element-e27be37 elementor-widget__width-initial elementor-widget-mobile__width-inherit elementor-widget elementor-widget-warren_core_icon_with_text\" data-id=\"e27be37\" data-element_type=\"widget\" data-e-type=\"widget\" data-widget_type=\"warren_core_icon_with_text.default\">\n\t\t\t\t<div class=\"elementor-widget-container\">\n\t\t\t\t\t<div class=\"qodef-shortcode qodef-m qodef-icon-with-text qodef-layout--before-content qodef--svg-icon qodef--background-yes\">\n\t<div class=\"qodef-m-icon-wrapper\" >\n\t\t\t<span class=\"qodef-m-icon\">\n\t\t\t\t\t<svg xmlns=\"http:\/\/www.w3.org\/2000\/svg\" width=\"33.502\" height=\"32.733\" viewbox=\"0 0 33.502 32.733\">\n  <path id=\"chart-pie-solid\" d=\"M48.061,13.172V-.02A.963.963,0,0,1,49.006-1,13.228,13.228,0,0,1,62.233,12.227a.963.963,0,0,1-.98.945ZM32,16.061A14.172,14.172,0,0,1,44.223,2.025a.893.893,0,0,1,1,.909V17.006l9.241,9.241a.89.89,0,0,1-.089,1.364A14.168,14.168,0,0,1,32,16.061Zm31.083.945a.9.9,0,0,1,.909,1,14.124,14.124,0,0,1-4.364,8.4.9.9,0,0,1-1.252-.041l-9.371-9.365Z\" transform=\"translate(-31.25 1.75)\" fill=\"none\" stroke=\"#274543\" stroke-width=\"1.5\"\/>\n<\/svg>\n\t\t\t<\/span>\n\t<\/div>\n\t<div class=\"qodef-m-content\">\n\t\t\t<h6 class=\"qodef-m-title\" >\n\t\t\t\t\t<span class=\"qodef-m-title-text\">4x4 Executive method<\/span>\n\t\t\t<\/h6>\n\t\t\t<p class=\"qodef-m-text\" >The 4x4 Executive method connects 4 key areas of\nshopping center operations and 4 qualities in the way these areas are managed.<\/p>\n\t<\/div>\n<\/div>\n\t\t\t\t<\/div>\n\t\t\t\t<\/div>\n\t\t\t\t<div class=\"elementor-element elementor-element-cf9d042 elementor-widget__width-initial elementor-widget-mobile__width-inherit elementor-widget elementor-widget-warren_core_icon_with_text\" data-id=\"cf9d042\" data-element_type=\"widget\" data-e-type=\"widget\" data-widget_type=\"warren_core_icon_with_text.default\">\n\t\t\t\t<div class=\"elementor-widget-container\">\n\t\t\t\t\t<div class=\"qodef-shortcode qodef-m qodef-icon-with-text qodef-layout--before-content qodef--svg-icon qodef--background-yes\">\n\t<div class=\"qodef-m-icon-wrapper\" style=\"background-color: #F8F1ED\">\n\t\t\t<span class=\"qodef-m-icon\">\n\t\t\t\t\t<svg xmlns=\"http:\/\/www.w3.org\/2000\/svg\" width=\"31.956\" height=\"42.125\">\n    <g fill=\"#274543\" stroke=\"#274543\" stroke-width=\".3\">\n        <g fill=\"#274543\" stroke=\"#274543\" stroke-width=\".3\" data-name=\"Group 1045\">\n            <path d=\"M10.731 11.648a10.583 10.583 0 0 1 2.334 20.9v1.088h1.331a2.334 2.334 0 0 1 0 4.668h-1.331v1.331a2.334 2.334 0 1 1-4.668 0v-1.326H7.066a2.334 2.334 0 0 1 0-4.668h1.331v-1.093a10.583 10.583 0 0 1 2.334-20.9Zm3.665 25.658a1.331 1.331 0 0 0 0-2.662h-2.334v-2.919l.411-.075a9.578 9.578 0 1 0-3.485 0l.411.075v2.923H7.066a1.331 1.331 0 0 0 0 2.662H9.4v2.334a1.331 1.331 0 1 0 2.662 0v-2.338Z\"\/>\n            <path d=\"M23.516.149h6.414a1.878 1.878 0 0 1 1.876 1.876V8.44a1.877 1.877 0 0 1-3.2 1.328l-1.56-1.559-2.369 2.369a10.572 10.572 0 1 1-3.3-3.3l2.369-2.366-1.558-1.563a1.877 1.877 0 0 1 1.328-3.2Zm6.413 9.165a.885.885 0 0 0 .338-.067.868.868 0 0 0 .537-.808V2.025a.874.874 0 0 0-.873-.873h-6.415a.874.874 0 0 0-.619 1.497l2.267 2.268-3.663 3.663-.344-.237a9.575 9.575 0 1 0 2.46 2.46l-.236-.344 3.665-3.668c2.431 2.432 2.65 2.523 2.883 2.523Z\"\/>\n        <\/g>\n    <\/g>\n<\/svg>\t\t\t<\/span>\n\t<\/div>\n\t<div class=\"qodef-m-content\">\n\t\t\t<h6 class=\"qodef-m-title\" >\n\t\t\t\t\t<span class=\"qodef-m-title-text\">Vision<\/span>\n\t\t\t<\/h6>\n\t\t\t<p class=\"qodef-m-text\" >The vision of the Cherry Adria team is for every shopping center manager to develop the capacities of a 4x4 Executive leader who understands the entirety of operations and acts responsibly in every segment of the business.<\/p>\n\t<\/div>\n<\/div>\n\t\t\t\t<\/div>\n\t\t\t\t<\/div>\n\t\t\t\t<\/div>\n\t\t\t\t<\/div>\n\t\t\t\t<\/div>\n\t\t<div class=\"elementor-element elementor-element-5a04acfd e-flex e-con-boxed e-con e-parent\" data-id=\"5a04acfd\" data-element_type=\"container\" data-e-type=\"container\">\n\t\t\t\t\t<div class=\"e-con-inner\">\n\t\t\t\t<div class=\"elementor-element elementor-element-198a903b elementor-widget-mobile__width-inherit elementor-widget elementor-widget-warren_core_section_title\" data-id=\"198a903b\" data-element_type=\"widget\" data-e-type=\"widget\" data-widget_type=\"warren_core_section_title.default\">\n\t\t\t\t<div class=\"elementor-widget-container\">\n\t\t\t\t\t<div class=\"qodef-shortcode qodef-m qodef-section-title qodef-alignment--center qodef-title-break--disabled\" data-appear-delay=\"180\">\n\t\t\t<h3 class=\"qodef-m-title\" style=\"line-height: 44px\">\n\t\t\t\t\t4x4 Executive Values\t\t\t<\/h3>\n\t<\/div>\n\t\t\t\t<\/div>\n\t\t\t\t<\/div>\n\t\t\t\t\t<\/div>\n\t\t\t\t<\/div>\n\t\t<div class=\"elementor-element elementor-element-5669f607 e-con-full qodef-elementor-content-grid e-flex e-con e-parent\" data-id=\"5669f607\" data-element_type=\"container\" data-e-type=\"container\">\n\t\t\t\t<div class=\"elementor-element elementor-element-1bf1966c elementor-widget__width-initial elementor-widget-mobile__width-inherit elementor-widget elementor-widget-warren_core_icon_with_text\" data-id=\"1bf1966c\" data-element_type=\"widget\" data-e-type=\"widget\" data-widget_type=\"warren_core_icon_with_text.default\">\n\t\t\t\t<div class=\"elementor-widget-container\">\n\t\t\t\t\t<div class=\"qodef-shortcode qodef-m qodef-icon-with-text qodef-layout--before-content qodef--custom-icon qodef--background-yes\">\n\t<div class=\"qodef-m-icon-wrapper\" >\n\t\t\t\t\t<img decoding=\"async\" width=\"94\" height=\"111\" src=\"https:\/\/cherryadriagroup.com\/wp-content\/uploads\/2026\/03\/Picture1-1.png\" class=\"attachment-full size-full\" alt=\"\" srcset=\"https:\/\/cherryadriagroup.com\/wp-content\/uploads\/2026\/03\/Picture1-1.png 94w, https:\/\/cherryadriagroup.com\/wp-content\/uploads\/2026\/03\/Picture1-1-10x12.png 10w\" sizes=\"(max-width: 94px) 100vw, 94px\" \/>\t\t<\/div>\n\t<div class=\"qodef-m-content\">\n\t\t\t<h6 class=\"qodef-m-title\" >\n\t\t\t\t\t<span class=\"qodef-m-title-text\">Proactivity<\/span>\n\t\t\t<\/h6>\n\t\t\t<p class=\"qodef-m-text\" >Taking ownership and responding in a timely manner.<\/p>\n\t<\/div>\n<\/div>\n\t\t\t\t<\/div>\n\t\t\t\t<\/div>\n\t\t\t\t<div class=\"elementor-element elementor-element-21acb030 elementor-widget__width-initial elementor-widget-mobile__width-inherit elementor-widget elementor-widget-warren_core_icon_with_text\" data-id=\"21acb030\" data-element_type=\"widget\" data-e-type=\"widget\" data-widget_type=\"warren_core_icon_with_text.default\">\n\t\t\t\t<div class=\"elementor-widget-container\">\n\t\t\t\t\t<div class=\"qodef-shortcode qodef-m qodef-icon-with-text qodef-layout--before-content qodef--custom-icon qodef--background-yes\">\n\t<div class=\"qodef-m-icon-wrapper\" >\n\t\t\t\t\t<img decoding=\"async\" width=\"195\" height=\"244\" src=\"https:\/\/cherryadriagroup.com\/wp-content\/uploads\/2026\/03\/Picture2-1.png\" class=\"attachment-full size-full\" alt=\"\" srcset=\"https:\/\/cherryadriagroup.com\/wp-content\/uploads\/2026\/03\/Picture2-1.png 195w, https:\/\/cherryadriagroup.com\/wp-content\/uploads\/2026\/03\/Picture2-1-10x12.png 10w\" sizes=\"(max-width: 195px) 100vw, 195px\" \/>\t\t<\/div>\n\t<div class=\"qodef-m-content\">\n\t\t\t<h6 class=\"qodef-m-title\" >\n\t\t\t\t\t<span class=\"qodef-m-title-text\">Transparency<\/span>\n\t\t\t<\/h6>\n\t\t\t<p class=\"qodef-m-text\" >Clear communication, processes and responsibilities.<\/p>\n\t<\/div>\n<\/div>\n\t\t\t\t<\/div>\n\t\t\t\t<\/div>\n\t\t\t\t<div class=\"elementor-element elementor-element-15933591 elementor-widget__width-initial elementor-widget-mobile__width-inherit elementor-widget elementor-widget-warren_core_icon_with_text\" data-id=\"15933591\" data-element_type=\"widget\" data-e-type=\"widget\" data-widget_type=\"warren_core_icon_with_text.default\">\n\t\t\t\t<div class=\"elementor-widget-container\">\n\t\t\t\t\t<div class=\"qodef-shortcode qodef-m qodef-icon-with-text qodef-layout--before-content qodef--custom-icon qodef--background-yes\">\n\t<div class=\"qodef-m-icon-wrapper\" >\n\t\t\t\t\t<img loading=\"lazy\" decoding=\"async\" width=\"177\" height=\"188\" src=\"https:\/\/cherryadriagroup.com\/wp-content\/uploads\/2026\/03\/Picture3-1.png\" class=\"attachment-full size-full\" alt=\"\" srcset=\"https:\/\/cherryadriagroup.com\/wp-content\/uploads\/2026\/03\/Picture3-1.png 177w, https:\/\/cherryadriagroup.com\/wp-content\/uploads\/2026\/03\/Picture3-1-11x12.png 11w\" sizes=\"(max-width: 177px) 100vw, 177px\" \/>\t\t<\/div>\n\t<div class=\"qodef-m-content\">\n\t\t\t<h6 class=\"qodef-m-title\" >\n\t\t\t\t\t<span class=\"qodef-m-title-text\">Flexibility<\/span>\n\t\t\t<\/h6>\n\t\t\t<p class=\"qodef-m-text\" >Adapting to change while maintaining system stability.<\/p>\n\t<\/div>\n<\/div>\n\t\t\t\t<\/div>\n\t\t\t\t<\/div>\n\t\t\t\t<div class=\"elementor-element elementor-element-387a6e44 elementor-widget__width-initial elementor-widget-mobile__width-inherit elementor-widget elementor-widget-warren_core_icon_with_text\" data-id=\"387a6e44\" data-element_type=\"widget\" data-e-type=\"widget\" data-widget_type=\"warren_core_icon_with_text.default\">\n\t\t\t\t<div class=\"elementor-widget-container\">\n\t\t\t\t\t<div class=\"qodef-shortcode qodef-m qodef-icon-with-text qodef-layout--before-content qodef--custom-icon qodef--background-yes\">\n\t<div class=\"qodef-m-icon-wrapper\" >\n\t\t\t\t\t<img loading=\"lazy\" decoding=\"async\" width=\"195\" height=\"227\" src=\"https:\/\/cherryadriagroup.com\/wp-content\/uploads\/2026\/03\/Picture4-1.png\" class=\"attachment-full size-full\" alt=\"\" srcset=\"https:\/\/cherryadriagroup.com\/wp-content\/uploads\/2026\/03\/Picture4-1.png 195w, https:\/\/cherryadriagroup.com\/wp-content\/uploads\/2026\/03\/Picture4-1-10x12.png 10w\" sizes=\"(max-width: 195px) 100vw, 195px\" \/>\t\t<\/div>\n\t<div class=\"qodef-m-content\">\n\t\t\t<h6 class=\"qodef-m-title\" >\n\t\t\t\t\t<span class=\"qodef-m-title-text\">Ethics<\/span>\n\t\t\t<\/h6>\n\t\t\t<p class=\"qodef-m-text\" >Responsible, consistent and professional conduct.<\/p>\n\t<\/div>\n<\/div>\n\t\t\t\t<\/div>\n\t\t\t\t<\/div>\n\t\t\t\t<\/div>\n\t\t<div class=\"elementor-element elementor-element-8b19105 e-con-full qodef-elementor-content-grid e-flex e-con e-parent\" data-id=\"8b19105\" data-element_type=\"container\" data-e-type=\"container\">\n\t\t<div class=\"elementor-element elementor-element-200d990 e-con-full e-flex e-con e-child\" data-id=\"200d990\" data-element_type=\"container\" data-e-type=\"container\" data-settings=\"{&quot;background_background&quot;:&quot;classic&quot;}\">\n\t\t\t\t<div class=\"elementor-element elementor-element-8415fcf elementor-widget elementor-widget-warren_core_banner\" data-id=\"8415fcf\" data-element_type=\"widget\" data-e-type=\"widget\" data-widget_type=\"warren_core_banner.default\">\n\t\t\t\t<div class=\"elementor-widget-container\">\n\t\t\t\t\t<div class=\"qodef-shortcode qodef-m qodef-banner qodef-layout--link-button\">\n\t<div class=\"qodef-m-content\" style=\"background-color: #D3C0A5\">\n\t\t<div class=\"qodef-m-content-inner\">\n\t\t\t<div class=\"qodef-m-content-all\">\n\t\t\t\t\t\t\t\t\t<h4 class=\"qodef-m-title\" style=\"color: #FFFFFF\">\n\t\tJoin the Masterclass\t<\/h4>\n\t\t\t\t\t\t\t\t\t<div class=\"qodef-m-button\">\n\t\t<a class=\"qodef-shortcode qodef-m qodef-button qodef-layout--textual qodef-html--link\" href=\"#\" target=\"_self\" style=\"--qode-button-color: #FFFFFF\" >\t<span class=\"qodef-m-text\">Apply<\/span>\t<span class=\"qodef-m-icon\"><svg class=\"qodef-svg--button-arrow qodef-e-button-arrow\" xmlns=\"http:\/\/www.w3.org\/2000\/svg\" width=\"18.061\" height=\"11.061\" viewbox=\"0 0 18.061 11.061\"><g transform=\"translate(-384.432 -1709.97)\"><path d=\"M2630,2538l5,5-5,5\" transform=\"translate(-2233.568 -827.5)\" fill=\"none\" stroke-width=\"1.5\"\/><line x2=\"17\" transform=\"translate(384.432 1715.5)\" fill=\"none\" stroke-width=\"1.5\"\/><\/g><\/svg><\/span><\/a>\t<\/div>\n\t\t\t<\/div>\n\t\t\t<div class=\"qodef-m-content-single-image\" style=\"margin-top: 67px\">\n\t\t\t\t<div class=\"qodef-m-inner-image\" style=\"border-radius: 50px 0 50px 0\">\n\t<img loading=\"lazy\" decoding=\"async\" width=\"750\" height=\"1000\" src=\"https:\/\/cherryadriagroup.com\/wp-content\/uploads\/2026\/03\/DSC00379.jpg\" class=\"attachment-full size-full\" alt=\"\" srcset=\"https:\/\/cherryadriagroup.com\/wp-content\/uploads\/2026\/03\/DSC00379.jpg 750w, https:\/\/cherryadriagroup.com\/wp-content\/uploads\/2026\/03\/DSC00379-600x800.jpg 600w, https:\/\/cherryadriagroup.com\/wp-content\/uploads\/2026\/03\/DSC00379-225x300.jpg 225w\" sizes=\"(max-width: 750px) 100vw, 750px\" \/><\/div>\n\t\t\t<\/div>\n\t\t<\/div>\n\t<\/div>\n<\/div>\n\t\t\t\t<\/div>\n\t\t\t\t<\/div>\n\t\t\t\t<\/div>\n\t\t<div class=\"elementor-element elementor-element-8703d10 e-con-full e-flex e-con e-child\" data-id=\"8703d10\" data-element_type=\"container\" data-e-type=\"container\" data-settings=\"{&quot;background_background&quot;:&quot;classic&quot;}\">\n\t\t\t\t<div class=\"elementor-element elementor-element-8501199 elementor-widget__width-initial elementor-widget-mobile__width-inherit elementor-widget elementor-widget-warren_core_single_image\" data-id=\"8501199\" data-element_type=\"widget\" data-e-type=\"widget\" data-widget_type=\"warren_core_single_image.default\">\n\t\t\t\t<div class=\"elementor-widget-container\">\n\t\t\t\t\t<div class=\"qodef-shortcode qodef-m qodef-single-image qodef-layout--default\"   >\n\t\t\t<div class=\"qodef-m-image\">\n\t\t\t\t\t\t\t\t<img loading=\"lazy\" decoding=\"async\" width=\"1300\" height=\"650\" src=\"https:\/\/cherryadriagroup.com\/wp-content\/uploads\/2026\/03\/Newslatter-sekcija-1300x650.jpg\" class=\"attachment-warren_core_image_size_landscape size-warren_core_image_size_landscape\" alt=\"\" \/>\t\t\t\t\t\t\t<\/div>\n\t\t<\/div>\n\t\t\t\t<\/div>\n\t\t\t\t<\/div>\n\t\t\t\t<div class=\"elementor-element elementor-element-df2fd9f elementor-widget__width-initial elementor-widget-mobile__width-inherit elementor-widget elementor-widget-warren_core_section_title\" data-id=\"df2fd9f\" data-element_type=\"widget\" data-e-type=\"widget\" data-widget_type=\"warren_core_section_title.default\">\n\t\t\t\t<div class=\"elementor-widget-container\">\n\t\t\t\t\t<div class=\"qodef-shortcode qodef-m qodef-section-title qodef-alignment--center\" data-appear-delay=\"223\">\n\t\t\t<h4 class=\"qodef-m-title\" >\n\t\t\t\t\tSign up for our newsletter.\t\t\t<\/h4>\n\t\t<p class=\"qodef-m-text\" style=\"margin-top: 7px\">Stay up to date with the latest news from Cherry Adria Group\n<\/p>\n<\/div>\n\t\t\t\t<\/div>\n\t\t\t\t<\/div>\n\t\t\t\t<div class=\"elementor-element elementor-element-af94d16 elementor-widget elementor-widget-wp-widget-warren_core_contact_form_7\" data-id=\"af94d16\" data-element_type=\"widget\" data-e-type=\"widget\" data-widget_type=\"wp-widget-warren_core_contact_form_7.default\">\n\t\t\t\t<div class=\"elementor-widget-container\">\n\t\t\t\t\t\t\t\t<div class=\"qodef-contact-form-7\">\n\t\t\t\t\n<div class=\"wpcf7 no-js\" id=\"wpcf7-f20-o1\" lang=\"en-US\" dir=\"ltr\" data-wpcf7-id=\"20\">\n<div class=\"screen-reader-response\"><p role=\"status\" aria-live=\"polite\" aria-atomic=\"true\"><\/p> <ul><\/ul><\/div>\n<form action=\"\/en\/wp-json\/wp\/v2\/pages\/3006#wpcf7-f20-o1\" method=\"post\" class=\"wpcf7-form init\" aria-label=\"Contact form\" novalidate=\"novalidate\" data-status=\"init\" data-trp-original-action=\"\/en\/wp-json\/wp\/v2\/pages\/3006#wpcf7-f20-o1\">\n<fieldset class=\"hidden-fields-container\"><input type=\"hidden\" name=\"_wpcf7\" value=\"20\" \/><input type=\"hidden\" name=\"_wpcf7_version\" value=\"6.1.5\" \/><input type=\"hidden\" name=\"_wpcf7_locale\" value=\"en_US\" \/><input type=\"hidden\" name=\"_wpcf7_unit_tag\" value=\"wpcf7-f20-o1\" \/><input type=\"hidden\" name=\"_wpcf7_container_post\" value=\"0\" \/><input type=\"hidden\" name=\"_wpcf7_posted_data_hash\" value=\"\" \/>\n<\/fieldset>\n<div class=\"qodef-cf7-newsletter qodef-cf7-newsletter-2\">\n    <div class=\"qodef-grid qodef-layout--columns qodef-col-num--1\">\n      <div class=\"qodef-grid-inner\">\n        <div class=\"qodef-grid-item\"> <span class=\"wpcf7-form-control-wrap\" data-name=\"your-email\"><input size=\"40\" maxlength=\"400\" class=\"wpcf7-form-control wpcf7-email wpcf7-validates-as-required wpcf7-text wpcf7-validates-as-email\" aria-required=\"true\" aria-invalid=\"false\" placeholder=\"Email address\" value=\"\" type=\"email\" name=\"your-email\" \/><\/span><button class=\"wpcf7-form-control wpcf7-submit qodef-newsletter-button qodef-button qodef-size--normal qodef-layout--filled qodef-m\" type=\"submit\"><span class=\"qodef-m-text\">Send<\/span><\/button> <\/div>\n      <\/div>\n    <\/div>\n<\/div><div class=\"wpcf7-response-output\" aria-hidden=\"true\"><\/div>\n<input type=\"hidden\" name=\"trp-form-language\" value=\"en\"\/><\/form>\n<\/div>\n\t\t\t<\/div>\n\t\t\t\t\t\t\t<\/div>\n\t\t\t\t<\/div>\n\t\t\t\t<\/div>\n\t\t\t\t<\/div>\n\t\t\t\t<\/div>","protected":false},"excerpt":{"rendered":"<p>Razvoj menad\u017eera tr\u017enih centara kroz 4&#215;4 Executive program Misija kompanije Cherry Adria Group je pove\u0107anje posete i profitabilnosti Va\u0161eg tr\u017enog centra kroz razvoj ljudi koji vode njegove operacije. Cherry Adria Group 4&#215;4 Executive Shopping Center je autorski program profesionalnog razvoja zaposlenih u tr\u017enim centrima kroz obuku, edukaciju i mentorstvo. Program je nastao je kao doprinos [&hellip;]<\/p>\n","protected":false},"author":1,"featured_media":0,"parent":0,"menu_order":0,"comment_status":"closed","ping_status":"closed","template":"page-full-width.php","meta":{"footnotes":""},"class_list":["post-3006","page","type-page","status-publish","hentry"],"_hostinger_reach_plugin_has_subscription_block":false,"_hostinger_reach_plugin_is_elementor":false,"_links":{"self":[{"href":"https:\/\/cherryadriagroup.com\/en\/wp-json\/wp\/v2\/pages\/3006","targetHints":{"allow":["GET"]}}],"collection":[{"href":"https:\/\/cherryadriagroup.com\/en\/wp-json\/wp\/v2\/pages"}],"about":[{"href":"https:\/\/cherryadriagroup.com\/en\/wp-json\/wp\/v2\/types\/page"}],"author":[{"embeddable":true,"href":"https:\/\/cherryadriagroup.com\/en\/wp-json\/wp\/v2\/users\/1"}],"replies":[{"embeddable":true,"href":"https:\/\/cherryadriagroup.com\/en\/wp-json\/wp\/v2\/comments?post=3006"}],"version-history":[{"count":98,"href":"https:\/\/cherryadriagroup.com\/en\/wp-json\/wp\/v2\/pages\/3006\/revisions"}],"predecessor-version":[{"id":9289,"href":"https:\/\/cherryadriagroup.com\/en\/wp-json\/wp\/v2\/pages\/3006\/revisions\/9289"}],"wp:attachment":[{"href":"https:\/\/cherryadriagroup.com\/en\/wp-json\/wp\/v2\/media?parent=3006"}],"curies":[{"name":"wp","href":"https:\/\/api.w.org\/{rel}","templated":true}]}}