{"id":2491,"date":"2024-07-02T06:31:42","date_gmt":"2024-07-02T06:31:42","guid":{"rendered":"https:\/\/warren.qodeinteractive.com\/?page_id=2491"},"modified":"2026-03-29T15:24:13","modified_gmt":"2026-03-29T15:24:13","slug":"blog","status":"publish","type":"page","link":"https:\/\/cherryadriagroup.com\/en\/blog\/","title":{"rendered":"Blog"},"content":{"rendered":"<div data-elementor-type=\"wp-page\" data-elementor-id=\"2491\" class=\"elementor elementor-2491\" data-elementor-post-type=\"page\">\n\t\t\t\t<div class=\"elementor-element elementor-element-5d3f15e e-flex e-con-boxed e-con e-parent\" data-id=\"5d3f15e\" data-element_type=\"container\" data-e-type=\"container\">\n\t\t\t\t\t<div class=\"e-con-inner\">\n\t\t\t\t<div class=\"elementor-element elementor-element-eed3e75 elementor-widget elementor-widget-warren_core_blog_list\" data-id=\"eed3e75\" data-element_type=\"widget\" data-e-type=\"widget\" data-widget_type=\"warren_core_blog_list.default\">\n\t\t\t\t<div class=\"elementor-widget-container\">\n\t\t\t\t\t<div class=\"qodef-shortcode qodef-m qodef-blog qodef-item-layout--metro qodef-grid qodef-layout--columns qodef-vertical-gutter--custom qodef-col-num--2 qodef-item-layout--metro qodef-pagination--on qodef-pagination-type--standard qodef-responsive--predefined qodef-swiper--show-pagination\" style=\"--qode-vertical-gutter-custom: 105px\" data-options=\"{&quot;plugin&quot;:&quot;warren_core&quot;,&quot;module&quot;:&quot;blog\\\/shortcodes&quot;,&quot;shortcode&quot;:&quot;blog-list&quot;,&quot;post_type&quot;:&quot;post&quot;,&quot;next_page&quot;:&quot;2&quot;,&quot;max_pages_num&quot;:2,&quot;behavior&quot;:&quot;columns&quot;,&quot;images_proportion&quot;:&quot;warren_core_image_size_landscape&quot;,&quot;columns&quot;:&quot;2&quot;,&quot;columns_responsive&quot;:&quot;predefined&quot;,&quot;columns_1512&quot;:&quot;3&quot;,&quot;columns_1368&quot;:&quot;3&quot;,&quot;columns_1200&quot;:&quot;3&quot;,&quot;columns_1024&quot;:&quot;3&quot;,&quot;columns_880&quot;:&quot;3&quot;,&quot;columns_680&quot;:&quot;3&quot;,&quot;vertical_space&quot;:&quot;custom&quot;,&quot;vertical_space_custom&quot;:&quot;105px&quot;,&quot;split_number&quot;:&quot;3.3&quot;,&quot;posts_per_page&quot;:&quot;6&quot;,&quot;orderby&quot;:&quot;date&quot;,&quot;order&quot;:&quot;DESC&quot;,&quot;layout&quot;:&quot;metro&quot;,&quot;title_tag&quot;:&quot;h3&quot;,&quot;excerpt_length&quot;:&quot;5000&quot;,&quot;pagination_type&quot;:&quot;standard&quot;,&quot;object_class_name&quot;:&quot;WarrenCore_Blog_List_Shortcode&quot;,&quot;taxonomy_filter&quot;:&quot;category&quot;,&quot;additional_query_args&quot;:[],&quot;holder_styles&quot;:{&quot;vertical_custom&quot;:&quot;--qode-vertical-gutter-custom: 105px&quot;}}\">\n\t\t<div class=\"qodef-grid-inner\">\n\t\t<article class=\"qodef-e qodef-blog-item qodef-grid-item qodef-item--landscape post-9188 post type-post status-publish format-standard has-post-thumbnail hentry category-blog\">\n\t<div class=\"qodef-e-inner\">\n\t\t<div class=\"qodef-e-media\">\n\t\t<div class=\"qodef-e-media-image\">\n\t\t<a itemprop=\"url\" href=\"https:\/\/cherryadriagroup.com\/en\/poziv-ili-posao-kako-pronaci-svoju-zivotnu-svrhu\/\">\n\t\t\t<img fetchpriority=\"high\" decoding=\"async\" width=\"1300\" height=\"650\" src=\"https:\/\/cherryadriagroup.com\/wp-content\/uploads\/2026\/03\/Tekst-12-1300x650.jpg\" class=\"attachment-warren_core_image_size_landscape size-warren_core_image_size_landscape wp-post-image\" alt=\"\" srcset=\"https:\/\/cherryadriagroup.com\/wp-content\/uploads\/2026\/03\/Tekst-12-1300x650.jpg 1300w, https:\/\/cherryadriagroup.com\/wp-content\/uploads\/2026\/03\/Tekst-12-18x10.jpg 18w\" sizes=\"(max-width: 1300px) 100vw, 1300px\" \/>\t\t<\/a>\n\t<\/div>\n<div class=\"qodef-e-date-on-image\">\n\t<a itemprop=\"dateCreated\" href=\"https:\/\/cherryadriagroup.com\/en\/2026\/03\/\" class=\"entry-date\">\n\t\t<span class=\"qodef-time-day\">24<\/span>\n\t\t<span class=\"qodef-time-month\">Mar<\/span>\n\t<\/a>\n<\/div>\n<\/div>\n\t\t<div class=\"qodef-e-content\">\n\t\t\t<div class=\"qodef-e-top-holder\">\n\t\t\t\t<div class=\"qodef-e-info\">\n\t\t\t\t\t<a href=\"https:\/\/cherryadriagroup.com\/en\/category\/blog\/\" rel=\"tag\">Blog<\/a><div class=\"qodef-info-separator-end\"><\/div>\t\t\t\t<\/div>\n\t\t\t<\/div>\n\t\t\t<div class=\"qodef-e-text\">\n\t\t\t\t<h3 itemprop=\"name\" class=\"qodef-e-title entry-title\" >\n\t<a itemprop=\"url\" class=\"qodef-e-title-link\" href=\"https:\/\/cherryadriagroup.com\/en\/poziv-ili-posao-kako-pronaci-svoju-zivotnu-svrhu\/\">\n\t\tDo we have a calling \u2014 or just a job?\t<\/a>\n<\/h3>\n\t\t\t<\/div>\n\t\t<\/div>\n\t<\/div>\n<\/article>\n<article class=\"qodef-e qodef-blog-item qodef-grid-item qodef-item--landscape post-9185 post type-post status-publish format-standard has-post-thumbnail hentry category-blog\">\n\t<div class=\"qodef-e-inner\">\n\t\t<div class=\"qodef-e-media\">\n\t\t<div class=\"qodef-e-media-image\">\n\t\t<a itemprop=\"url\" href=\"https:\/\/cherryadriagroup.com\/en\/gde-si-pozicioniran-kao-licni-brend-entry-premium-ili-luxury\/\">\n\t\t\t<img decoding=\"async\" width=\"1300\" height=\"584\" src=\"https:\/\/cherryadriagroup.com\/wp-content\/uploads\/2026\/03\/Tekst-11-1300x584.png\" class=\"attachment-warren_core_image_size_landscape size-warren_core_image_size_landscape wp-post-image\" alt=\"\" srcset=\"https:\/\/cherryadriagroup.com\/wp-content\/uploads\/2026\/03\/Tekst-11-1300x584.png 1300w, https:\/\/cherryadriagroup.com\/wp-content\/uploads\/2026\/03\/Tekst-11-18x8.png 18w\" sizes=\"(max-width: 1300px) 100vw, 1300px\" \/>\t\t<\/a>\n\t<\/div>\n<div class=\"qodef-e-date-on-image\">\n\t<a itemprop=\"dateCreated\" href=\"https:\/\/cherryadriagroup.com\/en\/2026\/03\/\" class=\"entry-date\">\n\t\t<span class=\"qodef-time-day\">24<\/span>\n\t\t<span class=\"qodef-time-month\">Mar<\/span>\n\t<\/a>\n<\/div>\n<\/div>\n\t\t<div class=\"qodef-e-content\">\n\t\t\t<div class=\"qodef-e-top-holder\">\n\t\t\t\t<div class=\"qodef-e-info\">\n\t\t\t\t\t<a href=\"https:\/\/cherryadriagroup.com\/en\/category\/blog\/\" rel=\"tag\">Blog<\/a><div class=\"qodef-info-separator-end\"><\/div>\t\t\t\t<\/div>\n\t\t\t<\/div>\n\t\t\t<div class=\"qodef-e-text\">\n\t\t\t\t<h3 itemprop=\"name\" class=\"qodef-e-title entry-title\" >\n\t<a itemprop=\"url\" class=\"qodef-e-title-link\" href=\"https:\/\/cherryadriagroup.com\/en\/gde-si-pozicioniran-kao-licni-brend-entry-premium-ili-luxury\/\">\n\t\tWhere Are You Positioned as a Personal Brand:\nEntry, Premium or Luxury?\t<\/a>\n<\/h3>\n\t\t\t<\/div>\n\t\t<\/div>\n\t<\/div>\n<\/article>\n<article class=\"qodef-e qodef-blog-item qodef-grid-item qodef-item--landscape post-9183 post type-post status-publish format-standard has-post-thumbnail hentry category-blog\">\n\t<div class=\"qodef-e-inner\">\n\t\t<div class=\"qodef-e-media\">\n\t\t<div class=\"qodef-e-media-image\">\n\t\t<a itemprop=\"url\" href=\"https:\/\/cherryadriagroup.com\/en\/lekcije-sa-najvisih-vrhova-sveta-moc-fokusa-na-naredni-korak\/\">\n\t\t\t<img decoding=\"async\" width=\"1300\" height=\"650\" src=\"https:\/\/cherryadriagroup.com\/wp-content\/uploads\/2026\/03\/Tekst-10-1300x650.jpg\" class=\"attachment-warren_core_image_size_landscape size-warren_core_image_size_landscape wp-post-image\" alt=\"\" \/>\t\t<\/a>\n\t<\/div>\n<div class=\"qodef-e-date-on-image\">\n\t<a itemprop=\"dateCreated\" href=\"https:\/\/cherryadriagroup.com\/en\/2026\/03\/\" class=\"entry-date\">\n\t\t<span class=\"qodef-time-day\">24<\/span>\n\t\t<span class=\"qodef-time-month\">Mar<\/span>\n\t<\/a>\n<\/div>\n<\/div>\n\t\t<div class=\"qodef-e-content\">\n\t\t\t<div class=\"qodef-e-top-holder\">\n\t\t\t\t<div class=\"qodef-e-info\">\n\t\t\t\t\t<a href=\"https:\/\/cherryadriagroup.com\/en\/category\/blog\/\" rel=\"tag\">Blog<\/a><div class=\"qodef-info-separator-end\"><\/div>\t\t\t\t<\/div>\n\t\t\t<\/div>\n\t\t\t<div class=\"qodef-e-text\">\n\t\t\t\t<h3 itemprop=\"name\" class=\"qodef-e-title entry-title\" >\n\t<a itemprop=\"url\" class=\"qodef-e-title-link\" href=\"https:\/\/cherryadriagroup.com\/en\/lekcije-sa-najvisih-vrhova-sveta-moc-fokusa-na-naredni-korak\/\">\n\t\tLessons from the World\u2019s Highest Peaks: The\nPower of Focus on the Next Step\t<\/a>\n<\/h3>\n\t\t\t<\/div>\n\t\t<\/div>\n\t<\/div>\n<\/article>\n<article class=\"qodef-e qodef-blog-item qodef-grid-item qodef-item--landscape post-9179 post type-post status-publish format-standard has-post-thumbnail hentry category-blog\">\n\t<div class=\"qodef-e-inner\">\n\t\t<div class=\"qodef-e-media\">\n\t\t<div class=\"qodef-e-media-image\">\n\t\t<a itemprop=\"url\" href=\"https:\/\/cherryadriagroup.com\/en\/jedna-misao-menja-sve-kako-promeniti-zivot-iznutra\/\">\n\t\t\t<img loading=\"lazy\" decoding=\"async\" width=\"1300\" height=\"548\" src=\"https:\/\/cherryadriagroup.com\/wp-content\/uploads\/2026\/03\/Tekst-9-1300x548.jpg\" class=\"attachment-warren_core_image_size_landscape size-warren_core_image_size_landscape wp-post-image\" alt=\"\" \/>\t\t<\/a>\n\t<\/div>\n<div class=\"qodef-e-date-on-image\">\n\t<a itemprop=\"dateCreated\" href=\"https:\/\/cherryadriagroup.com\/en\/2026\/03\/\" class=\"entry-date\">\n\t\t<span class=\"qodef-time-day\">24<\/span>\n\t\t<span class=\"qodef-time-month\">Mar<\/span>\n\t<\/a>\n<\/div>\n<\/div>\n\t\t<div class=\"qodef-e-content\">\n\t\t\t<div class=\"qodef-e-top-holder\">\n\t\t\t\t<div class=\"qodef-e-info\">\n\t\t\t\t\t<a href=\"https:\/\/cherryadriagroup.com\/en\/category\/blog\/\" rel=\"tag\">Blog<\/a><div class=\"qodef-info-separator-end\"><\/div>\t\t\t\t<\/div>\n\t\t\t<\/div>\n\t\t\t<div class=\"qodef-e-text\">\n\t\t\t\t<h3 itemprop=\"name\" class=\"qodef-e-title entry-title\" >\n\t<a itemprop=\"url\" class=\"qodef-e-title-link\" href=\"https:\/\/cherryadriagroup.com\/en\/jedna-misao-menja-sve-kako-promeniti-zivot-iznutra\/\">\n\t\tOne Thought Changes Everything: How to\nTransform Your Life from Within\t<\/a>\n<\/h3>\n\t\t\t<\/div>\n\t\t<\/div>\n\t<\/div>\n<\/article>\n<article class=\"qodef-e qodef-blog-item qodef-grid-item qodef-item--landscape post-9176 post type-post status-publish format-standard has-post-thumbnail hentry category-blog\">\n\t<div class=\"qodef-e-inner\">\n\t\t<div class=\"qodef-e-media\">\n\t\t<div class=\"qodef-e-media-image\">\n\t\t<a itemprop=\"url\" href=\"https:\/\/cherryadriagroup.com\/en\/tvoja-najveca-zelja-je-tvoj-put-kako-da-je-ostvaris\/\">\n\t\t\t<img loading=\"lazy\" decoding=\"async\" width=\"1300\" height=\"650\" src=\"https:\/\/cherryadriagroup.com\/wp-content\/uploads\/2026\/03\/Tekts-8-1300x650.jpg\" class=\"attachment-warren_core_image_size_landscape size-warren_core_image_size_landscape wp-post-image\" alt=\"\" \/>\t\t<\/a>\n\t<\/div>\n<div class=\"qodef-e-date-on-image\">\n\t<a itemprop=\"dateCreated\" href=\"https:\/\/cherryadriagroup.com\/en\/2026\/03\/\" class=\"entry-date\">\n\t\t<span class=\"qodef-time-day\">24<\/span>\n\t\t<span class=\"qodef-time-month\">Mar<\/span>\n\t<\/a>\n<\/div>\n<\/div>\n\t\t<div class=\"qodef-e-content\">\n\t\t\t<div class=\"qodef-e-top-holder\">\n\t\t\t\t<div class=\"qodef-e-info\">\n\t\t\t\t\t<a href=\"https:\/\/cherryadriagroup.com\/en\/category\/blog\/\" rel=\"tag\">Blog<\/a><div class=\"qodef-info-separator-end\"><\/div>\t\t\t\t<\/div>\n\t\t\t<\/div>\n\t\t\t<div class=\"qodef-e-text\">\n\t\t\t\t<h3 itemprop=\"name\" class=\"qodef-e-title entry-title\" >\n\t<a itemprop=\"url\" class=\"qodef-e-title-link\" href=\"https:\/\/cherryadriagroup.com\/en\/tvoja-najveca-zelja-je-tvoj-put-kako-da-je-ostvaris\/\">\n\t\tYour Deepest Desire Is Your Path: How to\nAchieve It\t<\/a>\n<\/h3>\n\t\t\t<\/div>\n\t\t<\/div>\n\t<\/div>\n<\/article>\n<article class=\"qodef-e qodef-blog-item qodef-grid-item qodef-item--landscape post-9173 post type-post status-publish format-standard has-post-thumbnail hentry category-blog\">\n\t<div class=\"qodef-e-inner\">\n\t\t<div class=\"qodef-e-media\">\n\t\t<div class=\"qodef-e-media-image\">\n\t\t<a itemprop=\"url\" href=\"https:\/\/cherryadriagroup.com\/en\/algoritam-brenda-kako-izgraditi-prepoznatljiv-i-uspesan-brend\/\">\n\t\t\t<img loading=\"lazy\" decoding=\"async\" width=\"1124\" height=\"650\" src=\"https:\/\/cherryadriagroup.com\/wp-content\/uploads\/2026\/03\/Tekst-7-1124x650.jpg\" class=\"attachment-warren_core_image_size_landscape size-warren_core_image_size_landscape wp-post-image\" alt=\"\" \/>\t\t<\/a>\n\t<\/div>\n<div class=\"qodef-e-date-on-image\">\n\t<a itemprop=\"dateCreated\" href=\"https:\/\/cherryadriagroup.com\/en\/2026\/03\/\" class=\"entry-date\">\n\t\t<span class=\"qodef-time-day\">24<\/span>\n\t\t<span class=\"qodef-time-month\">Mar<\/span>\n\t<\/a>\n<\/div>\n<\/div>\n\t\t<div class=\"qodef-e-content\">\n\t\t\t<div class=\"qodef-e-top-holder\">\n\t\t\t\t<div class=\"qodef-e-info\">\n\t\t\t\t\t<a href=\"https:\/\/cherryadriagroup.com\/en\/category\/blog\/\" rel=\"tag\">Blog<\/a><div class=\"qodef-info-separator-end\"><\/div>\t\t\t\t<\/div>\n\t\t\t<\/div>\n\t\t\t<div class=\"qodef-e-text\">\n\t\t\t\t<h3 itemprop=\"name\" class=\"qodef-e-title entry-title\" >\n\t<a itemprop=\"url\" class=\"qodef-e-title-link\" href=\"https:\/\/cherryadriagroup.com\/en\/algoritam-brenda-kako-izgraditi-prepoznatljiv-i-uspesan-brend\/\">\n\t\tBrand Algorithm: How to Build a Recognizable\nand Successful Brand\t<\/a>\n<\/h3>\n\t\t\t<\/div>\n\t\t<\/div>\n\t<\/div>\n<\/article>\n\t<\/div>\n\t\t<div class=\"qodef-m-pagination qodef--standard\" >\n\t\t<div class=\"qodef-m-pagination-inner\">\n\t\t\t<nav class=\"qodef-m-pagination-items\">\n\t\t\t\t<a class=\"qodef-m-pagination-item qodef--prev qodef--hide\" href=\"#\" data-paged=\"1\">\n\t\t\t\t\t<svg class=\"qodef-svg--pagination-arrow-left\" xmlns=\"http:\/\/www.w3.org\/2000\/svg\" width=\"18.121\" height=\"33.414\" viewbox=\"0 0 18.121 33.414\"><path d=\"M9622,10791l-16,16,16,16\" transform=\"translate(-9604.586 -10790.293)\" stroke=\"#063a41\" stroke-width=\"2\"\/><\/svg>\t\t\t\t<\/a>\n\t\t\t\t\t\t\t\t\t<a class=\"qodef-m-pagination-item qodef--number qodef--number-1 qodef--active qodef-prev--hidden\" href=\"#\" data-paged=\"1\">1<\/a>\n\t\t\t\t\t\t\t\t\t\t\t\t\t\t<a class=\"qodef-m-pagination-item qodef--number qodef--number-2\" href=\"#\" data-paged=\"2\">2<\/a>\n\t\t\t\t\t\t\t\t\t\t\t\t\t<a class=\"qodef-m-pagination-item qodef--next\" href=\"#\" data-paged=\"2\">\n\t\t\t\t\t<svg class=\"qodef-svg--pagination-arrow-right\" xmlns=\"http:\/\/www.w3.org\/2000\/svg\" width=\"18.121\" height=\"33.414\" viewbox=\"0 0 18.121 33.414\"><path d=\"M9606,10791l16,16-16,16\" transform=\"translate(-9605.293 -10790.293)\" stroke=\"#063a41\" stroke-width=\"2\"\/><\/svg>\t\t\t\t<\/a>\n\t\t\t<\/nav>\n\t\t<\/div>\n\t<\/div>\n\t<svg class=\"qodef-svg--spinner qodef-m-pagination-spinner\" xmlns=\"http:\/\/www.w3.org\/2000\/svg\" width=\"512\" height=\"512\" viewbox=\"0 0 512 512\"><path d=\"M304 48c0 26.51-21.49 48-48 48s-48-21.49-48-48 21.49-48 48-48 48 21.49 48 48zm-48 368c-26.51 0-48 21.49-48 48s21.49 48 48 48 48-21.49 48-48-21.49-48-48-48zm208-208c-26.51 0-48 21.49-48 48s21.49 48 48 48 48-21.49 48-48-21.49-48-48-48zM96 256c0-26.51-21.49-48-48-48S0 229.49 0 256s21.49 48 48 48 48-21.49 48-48zm12.922 99.078c-26.51 0-48 21.49-48 48s21.49 48 48 48 48-21.49 48-48c0-26.509-21.491-48-48-48zm294.156 0c-26.51 0-48 21.49-48 48s21.49 48 48 48 48-21.49 48-48c0-26.509-21.49-48-48-48zM108.922 60.922c-26.51 0-48 21.49-48 48s21.49 48 48 48 48-21.49 48-48-21.491-48-48-48z\"><\/path><\/svg><\/div>\n\t\t\t\t<\/div>\n\t\t\t\t<\/div>\n\t\t\t\t\t<\/div>\n\t\t\t\t<\/div>\n\t\t\t\t<\/div>","protected":false},"excerpt":{"rendered":"<p>24 o\u017eu Blog Poziv ili posao: kako prona\u0107i svoju \u017eivotnu svrhu 24 o\u017eu Blog Gde si pozicioniran kao li\u010dni brend: entry, premium ili luxury? 24 o\u017eu Blog Lekcije sa najvi\u0161ih vrhova sveta: mo\u0107 fokusa na naredni korak 24 o\u017eu Blog Jedna misao menja sve: kako promeniti \u017eivot iznutra 24 o\u017eu Blog Tvoja najve\u0107a \u017eelja je [&hellip;]<\/p>\n","protected":false},"author":1,"featured_media":0,"parent":0,"menu_order":0,"comment_status":"closed","ping_status":"closed","template":"","meta":{"footnotes":""},"class_list":["post-2491","page","type-page","status-publish","hentry"],"_hostinger_reach_plugin_has_subscription_block":false,"_hostinger_reach_plugin_is_elementor":false,"_links":{"self":[{"href":"https:\/\/cherryadriagroup.com\/en\/wp-json\/wp\/v2\/pages\/2491","targetHints":{"allow":["GET"]}}],"collection":[{"href":"https:\/\/cherryadriagroup.com\/en\/wp-json\/wp\/v2\/pages"}],"about":[{"href":"https:\/\/cherryadriagroup.com\/en\/wp-json\/wp\/v2\/types\/page"}],"author":[{"embeddable":true,"href":"https:\/\/cherryadriagroup.com\/en\/wp-json\/wp\/v2\/users\/1"}],"replies":[{"embeddable":true,"href":"https:\/\/cherryadriagroup.com\/en\/wp-json\/wp\/v2\/comments?post=2491"}],"version-history":[{"count":21,"href":"https:\/\/cherryadriagroup.com\/en\/wp-json\/wp\/v2\/pages\/2491\/revisions"}],"predecessor-version":[{"id":9278,"href":"https:\/\/cherryadriagroup.com\/en\/wp-json\/wp\/v2\/pages\/2491\/revisions\/9278"}],"wp:attachment":[{"href":"https:\/\/cherryadriagroup.com\/en\/wp-json\/wp\/v2\/media?parent=2491"}],"curies":[{"name":"wp","href":"https:\/\/api.w.org\/{rel}","templated":true}]}}