{"id":1371,"date":"2024-05-13T07:10:27","date_gmt":"2024-05-13T07:10:27","guid":{"rendered":"https:\/\/warren.qodeinteractive.com\/?page_id=1371"},"modified":"2026-03-16T13:58:54","modified_gmt":"2026-03-16T13:58:54","slug":"programi","status":"publish","type":"page","link":"https:\/\/cherryadriagroup.com\/en\/programi\/","title":{"rendered":"Programs"},"content":{"rendered":"<div data-elementor-type=\"wp-page\" data-elementor-id=\"1371\" class=\"elementor elementor-1371\" data-elementor-post-type=\"page\">\n\t\t\t\t<div class=\"elementor-element elementor-element-08072b3 e-con-full e-flex e-con e-parent\" data-id=\"08072b3\" data-element_type=\"container\" data-e-type=\"container\">\n\t\t\t\t<div class=\"elementor-element elementor-element-fc93c77 elementor-widget elementor-widget-warren_core_course_list\" data-id=\"fc93c77\" data-element_type=\"widget\" data-e-type=\"widget\" data-widget_type=\"warren_core_course_list.default\">\n\t\t\t\t<div class=\"elementor-widget-container\">\n\t\t\t\t\t<div class=\"qodef-shortcode qodef-m qodef-course-list qodef-item-layout--standard qodef-grid qodef-layout--columns qodef-gutter--large qodef-vertical-gutter--large qodef-col-num--2 qodef-item-layout--standard qodef-pagination--off qodef-responsive--custom qodef-col-num--1512--2 qodef-col-num--1368--2 qodef-col-num--1200--2 qodef-col-num--1024--2 qodef-col-num--880--2 qodef-col-num--680--1 qodef-swiper--show-pagination\"  data-options=\"{&quot;plugin&quot;:&quot;warren_core&quot;,&quot;module&quot;:&quot;plugins\\\/lms\\\/post-types\\\/course\\\/shortcodes&quot;,&quot;shortcode&quot;:&quot;course-list&quot;,&quot;post_type&quot;:&quot;course&quot;,&quot;next_page&quot;:&quot;2&quot;,&quot;max_pages_num&quot;:1,&quot;behavior&quot;:&quot;columns&quot;,&quot;images_proportion&quot;:&quot;warren_core_image_size_square&quot;,&quot;columns&quot;:&quot;2&quot;,&quot;columns_responsive&quot;:&quot;custom&quot;,&quot;columns_1512&quot;:&quot;2&quot;,&quot;columns_1368&quot;:&quot;2&quot;,&quot;columns_1200&quot;:&quot;2&quot;,&quot;columns_1024&quot;:&quot;2&quot;,&quot;columns_880&quot;:&quot;2&quot;,&quot;columns_680&quot;:&quot;1&quot;,&quot;space&quot;:&quot;large&quot;,&quot;vertical_space&quot;:&quot;large&quot;,&quot;split_number&quot;:&quot;3.3&quot;,&quot;posts_per_page&quot;:&quot;10&quot;,&quot;orderby&quot;:&quot;price-high&quot;,&quot;order&quot;:&quot;ASC&quot;,&quot;layout&quot;:&quot;standard&quot;,&quot;title_tag&quot;:&quot;h5&quot;,&quot;excerpt_length&quot;:&quot;0&quot;,&quot;pagination_type&quot;:&quot;no-pagination&quot;,&quot;object_class_name&quot;:&quot;WarrenCore_Course_List_Shortcode&quot;,&quot;taxonomy_filter&quot;:&quot;course-category&quot;,&quot;additional_query_args&quot;:[],&quot;holder_styles&quot;:[],&quot;title_holder_styles&quot;:[],&quot;space_value&quot;:50}\">\n\t\t<div class=\"qodef-grid-inner\">\n\t\t<article class=\"qodef-e qodef-course-item qodef-grid-item qodef-item--square post-1403 course type-course status-publish has-post-thumbnail hentry course-category-uvod-u-operacije-2 course-tag-learn\">\n\t<div class=\"qodef-e-inner\">\n\t\t<div class=\"qodef-e-media\">\n\t\t\t\t<div class=\"qodef-e-media-image\">\n\t\t<a itemprop=\"url\" href=\"https:\/\/cherryadriagroup.com\/en\/course\/unapredite-razvoj-menadzera-vaseg-trznog-centra\/\">\n\t\t\t<img fetchpriority=\"high\" decoding=\"async\" width=\"650\" height=\"650\" src=\"https:\/\/cherryadriagroup.com\/wp-content\/uploads\/2024\/05\/Program-1-650x650.jpg\" class=\"attachment-warren_core_image_size_square size-warren_core_image_size_square\" alt=\"\" srcset=\"https:\/\/cherryadriagroup.com\/wp-content\/uploads\/2024\/05\/Program-1-650x650.jpg 650w, https:\/\/cherryadriagroup.com\/wp-content\/uploads\/2024\/05\/Program-1-300x300.jpg 300w, https:\/\/cherryadriagroup.com\/wp-content\/uploads\/2024\/05\/Program-1-100x100.jpg 100w, https:\/\/cherryadriagroup.com\/wp-content\/uploads\/2024\/05\/Program-1-150x150.jpg 150w\" sizes=\"(max-width: 650px) 100vw, 650px\" \/>\t\t<\/a>\n\t\t\t<\/div>\n\t\t<\/div>\n\t\t<div class=\"qodef-e-content\">\n\t\t\t<div class=\"qodef-e-top-holder\">\n\t\t\t\t<div class=\"qodef-e-info\">\n\t\t\t\t\t\t<div class=\"qodef-e-info--categories\">\n\t\t\t\t\t<a itemprop=\"url\" class=\"qodef-e-category\" href=\"https:\/\/cherryadriagroup.com\/en\/course-category\/uvod-u-operacije-2\/\">\n\t\t\t\tIntroduction to Operations\t\t\t<\/a>\n\t\t\t<\/div>\n\t\t\t\t<\/div>\n\t\t\t<\/div>\n\t\t\t<div class=\"qodef-e-text\">\n\t\t\t\t<h5 itemprop=\"name\" class=\"qodef-e-title entry-title\" >\n\t<a itemprop=\"url\" class=\"qodef-e-title-link\" href=\"https:\/\/cherryadriagroup.com\/en\/course\/unapredite-razvoj-menadzera-vaseg-trznog-centra\/\">\n\t\tImprove the Development of Your Shopping Center Managers\t<\/a>\n<\/h5>\n\t\t\t<\/div>\n\t\t\t<div class=\"qodef-e-bottom-holder\">\n\t\t\t\t<div class=\"qodef-e-left\">\n\t\t\t\t\t\t<div class=\"qodef-reviews-list-info qodef-reviews-average-with-stars\">\n\t\t<span class=\"qodef-reviews-average\">\n\t\t\t0\t\t<\/span>\n\t\t<span class=\"qodef-stars\">\n\t\t\t<span class=\"qodef-stars-wrapper-inner\">\n\t\t\t\t<span class=\"qodef-stars-items\">\n\t\t\t\t\t\t\t\t\t\t\t\t<i class=\"qodef-icon-elegant-icons icon_star\" aria-hidden=\"true\"><\/i>\n\t\t\t\t\t\t\t\t\t\t\t\t\t\t<i class=\"qodef-icon-elegant-icons icon_star\" aria-hidden=\"true\"><\/i>\n\t\t\t\t\t\t\t\t\t\t\t\t\t\t<i class=\"qodef-icon-elegant-icons icon_star\" aria-hidden=\"true\"><\/i>\n\t\t\t\t\t\t\t\t\t\t\t\t\t\t<i class=\"qodef-icon-elegant-icons icon_star\" aria-hidden=\"true\"><\/i>\n\t\t\t\t\t\t\t\t\t\t\t\t\t\t<i class=\"qodef-icon-elegant-icons icon_star\" aria-hidden=\"true\"><\/i>\n\t\t\t\t\t\t\t\t\t\t\t<\/span>\n\t        <\/span>\n\t\t<\/span>\n\t<\/div>\n\t\t\t\t<\/div>\n\t\t\t\t<div class=\"qodef-e-right\">\n\t\t\t\t\t\t<div class=\"qodef-e-price\">\n\t\t\t\t159&#036;\t\t\t<\/div>\n\t\t\t\t<\/div>\n\t\t\t<\/div>\n\n\t\t<\/div>\n\t<\/div>\n<\/article>\n<article class=\"qodef-e qodef-course-item qodef-grid-item qodef-item--square post-2605 course type-course status-publish has-post-thumbnail hentry course-category-marketing course-tag-knowledge\">\n\t<div class=\"qodef-e-inner\">\n\t\t<div class=\"qodef-e-media\">\n\t\t\t\t<div class=\"qodef-e-media-image\">\n\t\t<a itemprop=\"url\" href=\"https:\/\/cherryadriagroup.com\/en\/course\/kreirajte-trzni-centar-koji-privlaci-mase\/\">\n\t\t\t<img decoding=\"async\" width=\"650\" height=\"650\" src=\"https:\/\/cherryadriagroup.com\/wp-content\/uploads\/2024\/07\/Program-2-650x650.jpg\" class=\"attachment-warren_core_image_size_square size-warren_core_image_size_square\" alt=\"\" srcset=\"https:\/\/cherryadriagroup.com\/wp-content\/uploads\/2024\/07\/Program-2-650x650.jpg 650w, https:\/\/cherryadriagroup.com\/wp-content\/uploads\/2024\/07\/Program-2-300x300.jpg 300w, https:\/\/cherryadriagroup.com\/wp-content\/uploads\/2024\/07\/Program-2-100x100.jpg 100w, https:\/\/cherryadriagroup.com\/wp-content\/uploads\/2024\/07\/Program-2-150x150.jpg 150w\" sizes=\"(max-width: 650px) 100vw, 650px\" \/>\t\t<\/a>\n\t\t\t<\/div>\n\t\t<\/div>\n\t\t<div class=\"qodef-e-content\">\n\t\t\t<div class=\"qodef-e-top-holder\">\n\t\t\t\t<div class=\"qodef-e-info\">\n\t\t\t\t\t\t<div class=\"qodef-e-info--categories\">\n\t\t\t\t\t<a itemprop=\"url\" class=\"qodef-e-category\" href=\"https:\/\/cherryadriagroup.com\/en\/course-category\/marketing\/\">\n\t\t\t\tMarketing\t\t\t<\/a>\n\t\t\t<\/div>\n\t\t\t\t<\/div>\n\t\t\t<\/div>\n\t\t\t<div class=\"qodef-e-text\">\n\t\t\t\t<h5 itemprop=\"name\" class=\"qodef-e-title entry-title\" >\n\t<a itemprop=\"url\" class=\"qodef-e-title-link\" href=\"https:\/\/cherryadriagroup.com\/en\/course\/kreirajte-trzni-centar-koji-privlaci-mase\/\">\n\t\tCreate a Shopping Center That Attracts the Masses\t<\/a>\n<\/h5>\n\t\t\t<\/div>\n\t\t\t<div class=\"qodef-e-bottom-holder\">\n\t\t\t\t<div class=\"qodef-e-left\">\n\t\t\t\t\t\t<div class=\"qodef-reviews-list-info qodef-reviews-average-with-stars\">\n\t\t<span class=\"qodef-reviews-average\">\n\t\t\t0\t\t<\/span>\n\t\t<span class=\"qodef-stars\">\n\t\t\t<span class=\"qodef-stars-wrapper-inner\">\n\t\t\t\t<span class=\"qodef-stars-items\">\n\t\t\t\t\t\t\t\t\t\t\t\t<i class=\"qodef-icon-elegant-icons icon_star\" aria-hidden=\"true\"><\/i>\n\t\t\t\t\t\t\t\t\t\t\t\t\t\t<i class=\"qodef-icon-elegant-icons icon_star\" aria-hidden=\"true\"><\/i>\n\t\t\t\t\t\t\t\t\t\t\t\t\t\t<i class=\"qodef-icon-elegant-icons icon_star\" aria-hidden=\"true\"><\/i>\n\t\t\t\t\t\t\t\t\t\t\t\t\t\t<i class=\"qodef-icon-elegant-icons icon_star\" aria-hidden=\"true\"><\/i>\n\t\t\t\t\t\t\t\t\t\t\t\t\t\t<i class=\"qodef-icon-elegant-icons icon_star\" aria-hidden=\"true\"><\/i>\n\t\t\t\t\t\t\t\t\t\t\t<\/span>\n\t        <\/span>\n\t\t<\/span>\n\t<\/div>\n\t\t\t\t<\/div>\n\t\t\t\t<div class=\"qodef-e-right\">\n\t\t\t\t\t\t<div class=\"qodef-e-price\">\n\t\t\t\t158&#036;\t\t\t<\/div>\n\t\t\t\t<\/div>\n\t\t\t<\/div>\n\n\t\t<\/div>\n\t<\/div>\n<\/article>\n<article class=\"qodef-e qodef-course-item qodef-grid-item qodef-item--square post-2614 course type-course status-publish has-post-thumbnail hentry course-category-izdavanje course-tag-knowledge\">\n\t<div class=\"qodef-e-inner\">\n\t\t<div class=\"qodef-e-media\">\n\t\t\t\t<div class=\"qodef-e-media-image\">\n\t\t<a itemprop=\"url\" href=\"https:\/\/cherryadriagroup.com\/en\/course\/definisite-svoju-lizing-strategiju-i-procese\/\">\n\t\t\t<img decoding=\"async\" width=\"650\" height=\"650\" src=\"https:\/\/cherryadriagroup.com\/wp-content\/uploads\/2024\/07\/Program-3-650x650.jpg\" class=\"attachment-warren_core_image_size_square size-warren_core_image_size_square\" alt=\"\" srcset=\"https:\/\/cherryadriagroup.com\/wp-content\/uploads\/2024\/07\/Program-3-650x650.jpg 650w, https:\/\/cherryadriagroup.com\/wp-content\/uploads\/2024\/07\/Program-3-300x300.jpg 300w, https:\/\/cherryadriagroup.com\/wp-content\/uploads\/2024\/07\/Program-3-100x100.jpg 100w, https:\/\/cherryadriagroup.com\/wp-content\/uploads\/2024\/07\/Program-3-150x150.jpg 150w\" sizes=\"(max-width: 650px) 100vw, 650px\" \/>\t\t<\/a>\n\t\t\t<\/div>\n\t\t<\/div>\n\t\t<div class=\"qodef-e-content\">\n\t\t\t<div class=\"qodef-e-top-holder\">\n\t\t\t\t<div class=\"qodef-e-info\">\n\t\t\t\t\t\t<div class=\"qodef-e-info--categories\">\n\t\t\t\t\t<a itemprop=\"url\" class=\"qodef-e-category\" href=\"https:\/\/cherryadriagroup.com\/en\/course-category\/izdavanje\/\">\n\t\t\t\tLeasing\t\t\t<\/a>\n\t\t\t<\/div>\n\t\t\t\t<\/div>\n\t\t\t<\/div>\n\t\t\t<div class=\"qodef-e-text\">\n\t\t\t\t<h5 itemprop=\"name\" class=\"qodef-e-title entry-title\" >\n\t<a itemprop=\"url\" class=\"qodef-e-title-link\" href=\"https:\/\/cherryadriagroup.com\/en\/course\/definisite-svoju-lizing-strategiju-i-procese\/\">\n\t\tDefine Your Leasing Strategy and Processes\t<\/a>\n<\/h5>\n\t\t\t<\/div>\n\t\t\t<div class=\"qodef-e-bottom-holder\">\n\t\t\t\t<div class=\"qodef-e-left\">\n\t\t\t\t\t\t<div class=\"qodef-reviews-list-info qodef-reviews-average-with-stars\">\n\t\t<span class=\"qodef-reviews-average\">\n\t\t\t0\t\t<\/span>\n\t\t<span class=\"qodef-stars\">\n\t\t\t<span class=\"qodef-stars-wrapper-inner\">\n\t\t\t\t<span class=\"qodef-stars-items\">\n\t\t\t\t\t\t\t\t\t\t\t\t<i class=\"qodef-icon-elegant-icons icon_star\" aria-hidden=\"true\"><\/i>\n\t\t\t\t\t\t\t\t\t\t\t\t\t\t<i class=\"qodef-icon-elegant-icons icon_star\" aria-hidden=\"true\"><\/i>\n\t\t\t\t\t\t\t\t\t\t\t\t\t\t<i class=\"qodef-icon-elegant-icons icon_star\" aria-hidden=\"true\"><\/i>\n\t\t\t\t\t\t\t\t\t\t\t\t\t\t<i class=\"qodef-icon-elegant-icons icon_star\" aria-hidden=\"true\"><\/i>\n\t\t\t\t\t\t\t\t\t\t\t\t\t\t<i class=\"qodef-icon-elegant-icons icon_star\" aria-hidden=\"true\"><\/i>\n\t\t\t\t\t\t\t\t\t\t\t<\/span>\n\t        <\/span>\n\t\t<\/span>\n\t<\/div>\n\t\t\t\t<\/div>\n\t\t\t\t<div class=\"qodef-e-right\">\n\t\t\t\t\t\t<div class=\"qodef-e-price\">\n\t\t\t\t157&#036;\t\t\t<\/div>\n\t\t\t\t<\/div>\n\t\t\t<\/div>\n\n\t\t<\/div>\n\t<\/div>\n<\/article>\n<article class=\"qodef-e qodef-course-item qodef-grid-item qodef-item--square post-2617 course type-course status-publish has-post-thumbnail hentry course-category-menadzment-operacija course-tag-knowledge\">\n\t<div class=\"qodef-e-inner\">\n\t\t<div class=\"qodef-e-media\">\n\t\t\t\t<div class=\"qodef-e-media-image\">\n\t\t<a itemprop=\"url\" href=\"https:\/\/cherryadriagroup.com\/en\/course\/povecajte-kontrolu-nad-operacijama-i-budzetom\/\">\n\t\t\t<img loading=\"lazy\" decoding=\"async\" width=\"650\" height=\"650\" src=\"https:\/\/cherryadriagroup.com\/wp-content\/uploads\/2024\/07\/Program-4-650x650.jpg\" class=\"attachment-warren_core_image_size_square size-warren_core_image_size_square\" alt=\"\" srcset=\"https:\/\/cherryadriagroup.com\/wp-content\/uploads\/2024\/07\/Program-4-650x650.jpg 650w, https:\/\/cherryadriagroup.com\/wp-content\/uploads\/2024\/07\/Program-4-300x300.jpg 300w, https:\/\/cherryadriagroup.com\/wp-content\/uploads\/2024\/07\/Program-4-100x100.jpg 100w, https:\/\/cherryadriagroup.com\/wp-content\/uploads\/2024\/07\/Program-4-600x600.jpg 600w, https:\/\/cherryadriagroup.com\/wp-content\/uploads\/2024\/07\/Program-4-150x150.jpg 150w, https:\/\/cherryadriagroup.com\/wp-content\/uploads\/2024\/07\/Program-4-768x768.jpg 768w, https:\/\/cherryadriagroup.com\/wp-content\/uploads\/2024\/07\/Program-4.jpg 1024w\" sizes=\"(max-width: 650px) 100vw, 650px\" \/>\t\t<\/a>\n\t\t\t<\/div>\n\t\t<\/div>\n\t\t<div class=\"qodef-e-content\">\n\t\t\t<div class=\"qodef-e-top-holder\">\n\t\t\t\t<div class=\"qodef-e-info\">\n\t\t\t\t\t\t<div class=\"qodef-e-info--categories\">\n\t\t\t\t\t<a itemprop=\"url\" class=\"qodef-e-category\" href=\"https:\/\/cherryadriagroup.com\/en\/course-category\/menadzment-operacija\/\">\n\t\t\t\tOperations Management\t\t\t<\/a>\n\t\t\t<\/div>\n\t\t\t\t<\/div>\n\t\t\t<\/div>\n\t\t\t<div class=\"qodef-e-text\">\n\t\t\t\t<h5 itemprop=\"name\" class=\"qodef-e-title entry-title\" >\n\t<a itemprop=\"url\" class=\"qodef-e-title-link\" href=\"https:\/\/cherryadriagroup.com\/en\/course\/povecajte-kontrolu-nad-operacijama-i-budzetom\/\">\n\t\tIncrease Control Over Operations and Budget\t<\/a>\n<\/h5>\n\t\t\t<\/div>\n\t\t\t<div class=\"qodef-e-bottom-holder\">\n\t\t\t\t<div class=\"qodef-e-left\">\n\t\t\t\t\t\t<div class=\"qodef-reviews-list-info qodef-reviews-average-with-stars\">\n\t\t<span class=\"qodef-reviews-average\">\n\t\t\t0\t\t<\/span>\n\t\t<span class=\"qodef-stars\">\n\t\t\t<span class=\"qodef-stars-wrapper-inner\">\n\t\t\t\t<span class=\"qodef-stars-items\">\n\t\t\t\t\t\t\t\t\t\t\t\t<i class=\"qodef-icon-elegant-icons icon_star\" aria-hidden=\"true\"><\/i>\n\t\t\t\t\t\t\t\t\t\t\t\t\t\t<i class=\"qodef-icon-elegant-icons icon_star\" aria-hidden=\"true\"><\/i>\n\t\t\t\t\t\t\t\t\t\t\t\t\t\t<i class=\"qodef-icon-elegant-icons icon_star\" aria-hidden=\"true\"><\/i>\n\t\t\t\t\t\t\t\t\t\t\t\t\t\t<i class=\"qodef-icon-elegant-icons icon_star\" aria-hidden=\"true\"><\/i>\n\t\t\t\t\t\t\t\t\t\t\t\t\t\t<i class=\"qodef-icon-elegant-icons icon_star\" aria-hidden=\"true\"><\/i>\n\t\t\t\t\t\t\t\t\t\t\t<\/span>\n\t        <\/span>\n\t\t<\/span>\n\t<\/div>\n\t\t\t\t<\/div>\n\t\t\t\t<div class=\"qodef-e-right\">\n\t\t\t\t\t\t<div class=\"qodef-e-price\">\n\t\t\t\t80&#036;\t\t\t<\/div>\n\t\t\t\t<\/div>\n\t\t\t<\/div>\n\n\t\t<\/div>\n\t<\/div>\n<\/article>\n\t<\/div>\n\t<\/div>\n\t\t\t\t<\/div>\n\t\t\t\t<\/div>\n\t\t\t\t<\/div>\n\t\t\t\t<\/div>","protected":false},"excerpt":{"rendered":"<p>Uvod U Operacije Unapredite Razvoj Menad\u017eera Va\u0161eg Tr\u017enog Centra 0 159&#036; Marketing Kreirajte Tr\u017eni Centar Koji Privla\u010di Mase 0 158&#036; Izdavanje Defini\u0161ite Svoju Lizing Strategiju i Procese 0 157&#036; Menad\u017ement Operacija Pove\u0107ajte Kontrolu nad Operacijama i Bud\u017eetom 0 80&#036;<\/p>","protected":false},"author":1,"featured_media":0,"parent":0,"menu_order":0,"comment_status":"closed","ping_status":"closed","template":"","meta":{"footnotes":""},"class_list":["post-1371","page","type-page","status-publish","hentry"],"_hostinger_reach_plugin_has_subscription_block":false,"_hostinger_reach_plugin_is_elementor":false,"_links":{"self":[{"href":"https:\/\/cherryadriagroup.com\/en\/wp-json\/wp\/v2\/pages\/1371","targetHints":{"allow":["GET"]}}],"collection":[{"href":"https:\/\/cherryadriagroup.com\/en\/wp-json\/wp\/v2\/pages"}],"about":[{"href":"https:\/\/cherryadriagroup.com\/en\/wp-json\/wp\/v2\/types\/page"}],"author":[{"embeddable":true,"href":"https:\/\/cherryadriagroup.com\/en\/wp-json\/wp\/v2\/users\/1"}],"replies":[{"embeddable":true,"href":"https:\/\/cherryadriagroup.com\/en\/wp-json\/wp\/v2\/comments?post=1371"}],"version-history":[{"count":29,"href":"https:\/\/cherryadriagroup.com\/en\/wp-json\/wp\/v2\/pages\/1371\/revisions"}],"predecessor-version":[{"id":9017,"href":"https:\/\/cherryadriagroup.com\/en\/wp-json\/wp\/v2\/pages\/1371\/revisions\/9017"}],"wp:attachment":[{"href":"https:\/\/cherryadriagroup.com\/en\/wp-json\/wp\/v2\/media?parent=1371"}],"curies":[{"name":"wp","href":"https:\/\/api.w.org\/{rel}","templated":true}]}}